{"id":156,"date":"2019-06-22T20:07:11","date_gmt":"2019-06-23T00:07:11","guid":{"rendered":"https:\/\/dmvconcretepumping.com\/?page_id=156"},"modified":"2024-08-19T19:28:55","modified_gmt":"2024-08-19T23:28:55","slug":"home","status":"publish","type":"page","link":"https:\/\/dmvconcretepumping.com\/es\/","title":{"rendered":"Inicio"},"content":{"rendered":"<h3>Dedicaci\u00f3n al trabajo de calidad y asociaci\u00f3n con otros proveedores cualificados para completar los proyectos a tiempo.<\/h3>\n\t<p><strong>Concreto forma la base de muchas propiedades, desde comerciales a residenciales. Y aqu\u00ed en DMV Concrete Pumping, creemos en la prestaci\u00f3n de los mejores servicios de bombeo de hormig\u00f3n absolutos en Carolina del Norte.<\/strong><\/p>\n<p><strong>Nuestro compromiso con la excelencia contribuye a garantizar que cada trabajo se termine a tiempo y de la forma correcta.<\/strong><\/p>\n<p><strong>El hormig\u00f3n puede ser un trabajo duro, y nuestros clientes lo entienden. En lugar de intentar hacerlo usted mismo o esperar que su manitas pueda encargarse de un proyecto, contar con nosotros significa que obtendr\u00e1 los mejores resultados por su dinero, siempre.<\/strong><\/p>\n<p><strong>Nos destacamos como uno de los mejores servicios de bombeo de concreto en Carolina del Norte por numerosas razones, pero todo se reduce a nuestro entusiasmo por lo que hacemos. Nuestro equipo est\u00e1 formado por profesionales que aparecen y hacer el trabajo de la manera correcta, no un equipo que va a matar el tiempo y hacer un trabajo de prolongar m\u00e1s de lo debido mientras que le deja con menos de resultados adecuados.<\/strong><\/p>\n\t\t\t\t<img decoding=\"async\" src=\"https:\/\/dmvconcretepumping.com\/wp-content\/uploads\/2019\/09\/Putzmeister-36Z-Meter-1-3.jpg\" alt=\"Putzmeister 36Z Meter #1\" itemprop=\"image\">\n\t\t\t\t<img loading=\"lazy\" decoding=\"async\" src=\"https:\/\/dmvconcretepumping.com\/wp-content\/uploads\/2019\/09\/Putzmeister-TK-50-1-pipe-file-3.jpg\" alt=\"Putzmeister TK 50 (pipe fill)\" itemprop=\"image\" height=\"960\" width=\"1599\" title=\"Putzmeister TK 50 (relleno de tuber\u00edas)\" onerror=\"this.style.display='none'\">\n\t\t\t\t<img loading=\"lazy\" decoding=\"async\" src=\"https:\/\/dmvconcretepumping.com\/wp-content\/uploads\/2019\/09\/Putzmeister-TK-50-1-1.jpg\" alt=\"Putzmeister TK 50\" itemprop=\"image\" height=\"960\" width=\"1261\" title=\"Putzmeister TK 50\" onerror=\"this.style.display='none'\">\n\t\t\t\t<img loading=\"lazy\" decoding=\"async\" src=\"https:\/\/dmvconcretepumping.com\/wp-content\/uploads\/2019\/09\/Putzmeister-TK-50-1-2.jpg\" alt=\"Putzmeister TK 50\" itemprop=\"image\" height=\"1584\" width=\"2328\" title=\"Putzmeister TK 50\" onerror=\"this.style.display='none'\">","protected":false},"excerpt":{"rendered":"<p>Dedicados al trabajo de calidad y la asociaci\u00f3n con otros proveedores cualificados para completar los proyectos a tiempo. Concreto forma la base de muchas propiedades, desde comerciales a residenciales. Y aqu\u00ed, en DMV Concrete Pumping, creemos en la prestaci\u00f3n de los mejores servicios de bombeo de concreto en Carolina del Norte. Nuestro compromiso con la excelencia ayuda a...<\/p>","protected":false},"author":1,"featured_media":0,"parent":0,"menu_order":0,"comment_status":"closed","ping_status":"closed","template":"","meta":{"footnotes":""},"class_list":["post-156","page","type-page","status-publish","hentry"],"_links":{"self":[{"href":"https:\/\/dmvconcretepumping.com\/es\/wp-json\/wp\/v2\/pages\/156","targetHints":{"allow":["GET"]}}],"collection":[{"href":"https:\/\/dmvconcretepumping.com\/es\/wp-json\/wp\/v2\/pages"}],"about":[{"href":"https:\/\/dmvconcretepumping.com\/es\/wp-json\/wp\/v2\/types\/page"}],"author":[{"embeddable":true,"href":"https:\/\/dmvconcretepumping.com\/es\/wp-json\/wp\/v2\/users\/1"}],"replies":[{"embeddable":true,"href":"https:\/\/dmvconcretepumping.com\/es\/wp-json\/wp\/v2\/comments?post=156"}],"version-history":[{"count":31,"href":"https:\/\/dmvconcretepumping.com\/es\/wp-json\/wp\/v2\/pages\/156\/revisions"}],"predecessor-version":[{"id":637,"href":"https:\/\/dmvconcretepumping.com\/es\/wp-json\/wp\/v2\/pages\/156\/revisions\/637"}],"wp:attachment":[{"href":"https:\/\/dmvconcretepumping.com\/es\/wp-json\/wp\/v2\/media?parent=156"}],"curies":[{"name":"wp","href":"https:\/\/api.w.org\/{rel}","templated":true}]}}