{"id":604,"date":"2019-09-23T19:41:43","date_gmt":"2019-09-23T23:41:43","guid":{"rendered":"https:\/\/dmvconcretepumping.com\/?page_id=604"},"modified":"2024-08-19T20:15:21","modified_gmt":"2024-08-20T00:15:21","slug":"36z-2-2","status":"publish","type":"page","link":"https:\/\/dmvconcretepumping.com\/es\/pumper-fleet\/36z-2-2\/","title":{"rendered":"Putzmeister 36Z-Meter (unidad 1)"},"content":{"rendered":"<h1>Putzmeister 36Z-Meter (unidad 1)<\/h1>\n\n\t<p><strong>La Putzmeister 36Z es uno de los modelos m\u00e1s populares gracias a su pluma Z-Fold desmontable. Tiene un mayor alcance con la \u00fanica pluma de cuatro secciones y 116\u2032 10\u2033 (35,61 m) del mercado que utiliza estabilizadores en X. El potente rendimiento de bombeo con una huella peque\u00f1a lo hace ideal para sitios de trabajo restrictivos. Bombee desde el cami\u00f3n con giro de cojinete de rotaci\u00f3n para un control preciso del flujo de hormig\u00f3n, o vuele la pluma a una torre de colocaci\u00f3n con la conversi\u00f3n de cami\u00f3n a torre m\u00e1s r\u00e1pida y sencilla. La bomba cuenta con un exclusivo sistema hidr\u00e1ulico de flujo libre que supera a otras bombas del mercado. Garantiza un mayor rendimiento y menores costes de mantenimiento. Su sistema inteligente de control sin v\u00e1lvulas lleva aceite a los cilindros de accionamiento sin p\u00e9rdida de presi\u00f3n. Esto mejora la vida \u00fatil de la bomba al tiempo que aumenta la potencia y la comodidad.<\/strong><\/p>\n<ul>\n<li><strong>Longitud de la pluma<\/strong>: 36 metros (118 pies)<\/li>\n<li><strong>Secciones de la pluma<\/strong>: Plegado en Z de 4 secciones<\/li>\n<li><strong>Alcance horizontal<\/strong>: Aproximadamente 32,9 metros (108 pies)<\/li>\n<li><strong>Alcance vertical<\/strong>: Aproximadamente 35,5 metros (116 pies)<\/li>\n<li><strong>Altura de despliegue<\/strong>: 8,4 metros (27 pies 7 pulgadas)<\/li>\n<li><strong>Salida de la bomba<\/strong>: Hasta 260 metros c\u00fabicos por hora (340 yardas c\u00fabicas por hora)<\/li>\n<li><strong>Presi\u00f3n m\u00e1xima sobre el hormig\u00f3n<\/strong>: 123 bar (1784 psi)<\/li>\n<li><strong>N\u00famero de ejes<\/strong>: 3 ejes<\/li>\n<li><strong>Spread Outrigger<\/strong>:\n<ul>\n<li>Frontal: 6,7 metros (22 pies)<\/li>\n<li>Trasera: 7,5 metros (24 pies 7 pulgadas)<\/li>\n<\/ul>\n<\/li>\n<li><strong>Capacidad de la tolva<\/strong>: 600 litros (21 pies c\u00fabicos)<\/li>\n<li><strong>Sistema hidr\u00e1ulico<\/strong>: Sistema hidr\u00e1ulico de flujo libre<\/li>\n<li><strong>Tipo de bomba<\/strong>: Bomba de pist\u00f3n doble de accionamiento hidr\u00e1ulico<\/li>\n<li><strong>Mando a distancia<\/strong>: Mando a distancia por radio totalmente proporcional<\/li>\n<li><strong>V\u00e1lvula de hormig\u00f3n<\/strong>: Dise\u00f1o de v\u00e1lvula en S para un bombeo de alto rendimiento<\/li>\n<\/ul>\n\t\t\t\t<img loading=\"lazy\" decoding=\"async\" src=\"https:\/\/dmvconcretepumping.com\/wp-content\/uploads\/2019\/09\/Putzmeister-36Z-Meter-1-1.jpg\" alt=\"Putzmeister 36Z Meter #1\" itemprop=\"image\" height=\"960\" width=\"1280\" title=\"Contador Putzmeister 36Z #1\" onerror=\"this.style.display='none'\"  \/>\n\t\t\t\t<img loading=\"lazy\" decoding=\"async\" src=\"https:\/\/dmvconcretepumping.com\/wp-content\/uploads\/2019\/09\/Putzmeister-36Z-Meter-1-3.jpg\" alt=\"Putzmeister 36Z Meter #1\" itemprop=\"image\" height=\"960\" width=\"1059\" title=\"Contador Putzmeister 36Z #1\" onerror=\"this.style.display='none'\"  \/>","protected":false},"excerpt":{"rendered":"<p>Putzmeister 36Z-Meter (unit 1) The Putzmeister 36Z is one of the most popular models because of its detachable Z-Fold boom. It has increased reach with the only four-section, 116&#8242; 10&#8243; (35.61m) boom on the market using X-style outriggers. The powerful pumping performance with a small footprint makes it ideal for restrictive job sites. Pump from&hellip;<\/p>","protected":false},"author":1,"featured_media":0,"parent":561,"menu_order":0,"comment_status":"closed","ping_status":"closed","template":"","meta":{"footnotes":""},"class_list":["post-604","page","type-page","status-publish","hentry"],"_links":{"self":[{"href":"https:\/\/dmvconcretepumping.com\/es\/wp-json\/wp\/v2\/pages\/604","targetHints":{"allow":["GET"]}}],"collection":[{"href":"https:\/\/dmvconcretepumping.com\/es\/wp-json\/wp\/v2\/pages"}],"about":[{"href":"https:\/\/dmvconcretepumping.com\/es\/wp-json\/wp\/v2\/types\/page"}],"author":[{"embeddable":true,"href":"https:\/\/dmvconcretepumping.com\/es\/wp-json\/wp\/v2\/users\/1"}],"replies":[{"embeddable":true,"href":"https:\/\/dmvconcretepumping.com\/es\/wp-json\/wp\/v2\/comments?post=604"}],"version-history":[{"count":7,"href":"https:\/\/dmvconcretepumping.com\/es\/wp-json\/wp\/v2\/pages\/604\/revisions"}],"predecessor-version":[{"id":817,"href":"https:\/\/dmvconcretepumping.com\/es\/wp-json\/wp\/v2\/pages\/604\/revisions\/817"}],"up":[{"embeddable":true,"href":"https:\/\/dmvconcretepumping.com\/es\/wp-json\/wp\/v2\/pages\/561"}],"wp:attachment":[{"href":"https:\/\/dmvconcretepumping.com\/es\/wp-json\/wp\/v2\/media?parent=604"}],"curies":[{"name":"wp","href":"https:\/\/api.w.org\/{rel}","templated":true}]}}