{"id":158,"date":"2019-06-22T20:07:11","date_gmt":"2019-06-23T00:07:11","guid":{"rendered":"https:\/\/dmvconcretepumping.com\/?page_id=158"},"modified":"2024-08-19T23:43:50","modified_gmt":"2024-08-20T03:43:50","slug":"services_provided","status":"publish","type":"page","link":"https:\/\/dmvconcretepumping.com\/es_do\/services_provided\/","title":{"rendered":"Servicios"},"content":{"rendered":"<h2>Relleno de bloques - Calzadas - Zapatas - Muros de hormig\u00f3n - Relleno de tuber\u00edas<br \/>\nPiscina y spa - Aceras - Hormig\u00f3n proyectado - Losas - Escaleras<\/h2>\n\t\t\t\t<img loading=\"lazy\" decoding=\"async\" src=\"https:\/\/dmvconcretepumping.com\/wp-content\/uploads\/2019\/09\/Pumping-150x150.jpg\" alt=\"Pumping\" itemprop=\"image\" height=\"150\" width=\"150\" title=\"Bombeo\" onerror=\"this.style.display='none'\"  \/>\n<h3>Bombeo de hormig\u00f3n<\/h3><p><strong>Como su especialista en bombeo de hormig\u00f3n. tenemos tanto pluma y en l\u00ednea de bombeo de hormig\u00f3n para dar servicio a todas sus necesidades.<\/strong><\/p>\n\t\t\t\t<img loading=\"lazy\" decoding=\"async\" src=\"https:\/\/dmvconcretepumping.com\/wp-content\/uploads\/2019\/09\/Shotcrete-150x150.jpg\" alt=\"Shotcrete\" itemprop=\"image\" height=\"150\" width=\"150\" title=\"Hormig\u00f3n proyectado\" onerror=\"this.style.display='none'\"  \/>\n<h3>Hormig\u00f3n proyectado<\/h3><p><strong>Ofrecemos un m\u00e9todo de colocaci\u00f3n ideal conocido como hormig\u00f3n proyectado para una excelente alternativa a los muros de hormig\u00f3n in situ tradicionales.<\/strong><\/p>\n\t\t\t\t<img loading=\"lazy\" decoding=\"async\" src=\"https:\/\/dmvconcretepumping.com\/wp-content\/uploads\/2024\/08\/Boom-Fill-Tall-Building-150x150.png\" alt=\"Boom Fill Tall Building\" itemprop=\"image\" height=\"150\" width=\"150\" title=\"Boom Fill Edificio alto\" onerror=\"this.style.display='none'\"  \/>\n<h3>Relleno de bloques<\/h3><p><strong>Rellenamos bloques de hormig\u00f3n de forma experta para reforzar y estabilizar sus estructuras.<\/strong><\/p>\n\t\t\t\t<img loading=\"lazy\" decoding=\"async\" src=\"https:\/\/dmvconcretepumping.com\/wp-content\/uploads\/2024\/08\/Pouring-Driveway-150x150.png\" alt=\"Pouring Driveway\" itemprop=\"image\" height=\"150\" width=\"150\" title=\"Vertido de calzada\" onerror=\"this.style.display='none'\"  \/>\n<h3>Calzadas \/ Aceras \/ Losas<\/h3><p><strong> Nuestro servicio de bombeo de hormig\u00f3n garantiza superficies lisas y duraderas.<\/strong><\/p>\n\t\t\t\t<img loading=\"lazy\" decoding=\"async\" src=\"https:\/\/dmvconcretepumping.com\/wp-content\/uploads\/2024\/08\/Poring-Footings-150x150.png\" alt=\"Poring Footings\" itemprop=\"image\" height=\"150\" width=\"150\" title=\"Cimentaci\u00f3n\" onerror=\"this.style.display='none'\"  \/>\n<h3>Zapatas<\/h3><p><strong>Vertemos s\u00f3lidas zapatas de hormig\u00f3n para conseguir una base s\u00f3lida.<\/strong><\/p>\n\t\t\t\t<img loading=\"lazy\" decoding=\"async\" src=\"https:\/\/dmvconcretepumping.com\/wp-content\/uploads\/2024\/08\/Boom-Fill-Tall-Building-150x150.png\" alt=\"Boom Fill Tall Building\" itemprop=\"image\" height=\"150\" width=\"150\" title=\"Boom Fill Edificio alto\" onerror=\"this.style.display='none'\"  \/>\n<h3>Muros de hormig\u00f3n<\/h3><p><strong>Proporcionamos un bombeo de hormig\u00f3n preciso para la construcci\u00f3n de muros sin fisuras.<\/strong><\/p>\n\t\t<h3>Relleno de tuber\u00edas<\/h3><p><strong>Nuestro bombeo de hormig\u00f3n rellena las tuber\u00edas de forma segura para una durabilidad \u00f3ptima.<\/strong><\/p>\n\t\t<h3>Piscina y Spa<\/h3><p><strong>Suministramos hormig\u00f3n para crear piscinas y spas duraderos y elegantes.<\/strong><\/p>","protected":false},"excerpt":{"rendered":"<p>Bloque de relleno - Caminos - Zapatas - Muros de hormig\u00f3n - Tuber\u00eda llena Piscina y spa - Aceras - Shotcrete - Losas - Escaleras Bombeo de hormig\u00f3n Como su especialista en bombeo de hormig\u00f3n. tenemos tanto pluma y en l\u00ednea de bombeo de hormig\u00f3n para atender todas sus necesidades. Shotcrete Ofrecemos un m\u00e9todo de colocaci\u00f3n ideal conocido como...<\/p>","protected":false},"author":1,"featured_media":0,"parent":0,"menu_order":0,"comment_status":"closed","ping_status":"closed","template":"","meta":{"footnotes":""},"class_list":["post-158","page","type-page","status-publish","hentry"],"_links":{"self":[{"href":"https:\/\/dmvconcretepumping.com\/es_do\/wp-json\/wp\/v2\/pages\/158","targetHints":{"allow":["GET"]}}],"collection":[{"href":"https:\/\/dmvconcretepumping.com\/es_do\/wp-json\/wp\/v2\/pages"}],"about":[{"href":"https:\/\/dmvconcretepumping.com\/es_do\/wp-json\/wp\/v2\/types\/page"}],"author":[{"embeddable":true,"href":"https:\/\/dmvconcretepumping.com\/es_do\/wp-json\/wp\/v2\/users\/1"}],"replies":[{"embeddable":true,"href":"https:\/\/dmvconcretepumping.com\/es_do\/wp-json\/wp\/v2\/comments?post=158"}],"version-history":[{"count":21,"href":"https:\/\/dmvconcretepumping.com\/es_do\/wp-json\/wp\/v2\/pages\/158\/revisions"}],"predecessor-version":[{"id":850,"href":"https:\/\/dmvconcretepumping.com\/es_do\/wp-json\/wp\/v2\/pages\/158\/revisions\/850"}],"wp:attachment":[{"href":"https:\/\/dmvconcretepumping.com\/es_do\/wp-json\/wp\/v2\/media?parent=158"}],"curies":[{"name":"wp","href":"https:\/\/api.w.org\/{rel}","templated":true}]}}