{"id":607,"date":"2019-09-23T21:09:53","date_gmt":"2019-09-24T01:09:53","guid":{"rendered":"https:\/\/dmvconcretepumping.com\/?page_id=607"},"modified":"2024-08-19T20:12:23","modified_gmt":"2024-08-20T00:12:23","slug":"tk70-1","status":"publish","type":"page","link":"https:\/\/dmvconcretepumping.com\/es_do\/pumper-fleet\/tk70-1\/","title":{"rendered":"Thom-Katt Trailer Pump TK 70"},"content":{"rendered":"<h1>Bomba de remolque Thom-Katt TK 70 (unidad 1)<\/h1>\n<h2>Ideal para trabajos de hormig\u00f3n estructural<\/h2>\n\t<p>Ideal para trabajos de hormig\u00f3n estructural, la bomba Putzmeister Thom-Katt TK 70 montada sobre remolque puede manipular una gran variedad de materiales, incluidas las mezclas m\u00e1s duras. Con un volumen m\u00e1ximo de salida de hasta 57 m\u00b3\/h, la TK 70 puede hacer frente a una gran variedad de aplicaciones civiles.<\/p>\n<p>Las bombas de remolque Thom-Katt de Putzmeister son ideales para aplicaciones de bombeo de hormig\u00f3n y hormig\u00f3n proyectado en h\u00famedo. Con una construcci\u00f3n robusta y un dise\u00f1o de tolva en \u00e1ngulo, soportan los rigores de cualquier obra. El funcionamiento a alta presi\u00f3n le permite bombear material a largas distancias.<\/p>\n<p>La v\u00e1lvula en S hidr\u00e1ulica Thom-Katt es ideal para bombear materiales de gran tama\u00f1o. Permite invertir la carrera para aliviar la presi\u00f3n de los tapones o al bombear mezclas dif\u00edciles de bajo asentamiento o de fibra. Los cilindros de material y el sistema hidr\u00e1ulico variable y suave permiten un control preciso a baja potencia para aplicaciones especializadas. Puede mantener una presi\u00f3n de salida considerable al reducir a l\u00edneas de transporte de menor di\u00e1metro.<\/p>\n<ul>\n<li><strong>Motor<\/strong>: Caterpillar C2.2, 49,4 CV (36,8 kW)<\/li>\n<li><strong>Tipo de bomba<\/strong>: V\u00e1lvula S<\/li>\n<li><strong>Producci\u00f3n m\u00e1xima de hormig\u00f3n<\/strong>: 74 yd\u00b3\/hr (57 m\u00b3\/hr)<\/li>\n<li><strong>Presi\u00f3n m\u00e1xima sobre el hormig\u00f3n<\/strong>: 7,8 MPa (1.130 psi)<\/li>\n<li><strong>Tama\u00f1o m\u00e1ximo del \u00e1rido<\/strong>: 38 mm (1,5 pulgadas)<\/li>\n<li><strong>Capacidad de la tolva<\/strong>: 0,36 m\u00b3 (12,6 pies\u00b3)<\/li>\n<li><strong>Capacidad del dep\u00f3sito hidr\u00e1ulico<\/strong>: 182 litros (48 galones)<\/li>\n<li><strong>Capacidad del dep\u00f3sito de combustible<\/strong>: 91 litros (24 galones)<\/li>\n<li><strong>Di\u00e1metro del cilindro de bombeo<\/strong>: 6 pulgadas (152 mm)<\/li>\n<li><strong>Longitud de la carrera del cilindro de bombeo<\/strong>: 39 pulgadas (991 mm)<\/li>\n<li><strong>Peso del remolque<\/strong>: Aproximadamente 2.749 kg (6.060 lbs)<\/li>\n<li><strong>Dimensiones (L x A x A)<\/strong>: 184 in x 78 in x 90 in (4,67 m x 1,98 m x 2,29 m)<\/li>\n<\/ul>\n\t\t\t\t<img loading=\"lazy\" decoding=\"async\" src=\"https:\/\/dmvconcretepumping.com\/wp-content\/uploads\/2019\/09\/Putzmeister-TK-70-1.jpg\" alt=\"Putzmeister TK 70\" itemprop=\"image\" height=\"720\" width=\"960\" title=\"Putzmeister TK 70\" onerror=\"this.style.display='none'\"  \/>","protected":false},"excerpt":{"rendered":"<p>Thom-Katt Trailer Pump TK 70 (unit 1) Ideal for Structural Concrete Jobs Ideal for structural concrete jobs, the Putzmeister Thom-Katt TK 70 trailer-mounted pump can handle a variety of materials, including the harshest mixes. With a maximum volume output of up to 74 yd\u00b3\/hr (57m\u00b3\/hr), the TK 70 can tackle a variety of civil applications.&hellip;<\/p>","protected":false},"author":1,"featured_media":0,"parent":561,"menu_order":0,"comment_status":"closed","ping_status":"closed","template":"","meta":{"footnotes":""},"class_list":["post-607","page","type-page","status-publish","hentry"],"_links":{"self":[{"href":"https:\/\/dmvconcretepumping.com\/es_do\/wp-json\/wp\/v2\/pages\/607","targetHints":{"allow":["GET"]}}],"collection":[{"href":"https:\/\/dmvconcretepumping.com\/es_do\/wp-json\/wp\/v2\/pages"}],"about":[{"href":"https:\/\/dmvconcretepumping.com\/es_do\/wp-json\/wp\/v2\/types\/page"}],"author":[{"embeddable":true,"href":"https:\/\/dmvconcretepumping.com\/es_do\/wp-json\/wp\/v2\/users\/1"}],"replies":[{"embeddable":true,"href":"https:\/\/dmvconcretepumping.com\/es_do\/wp-json\/wp\/v2\/comments?post=607"}],"version-history":[{"count":9,"href":"https:\/\/dmvconcretepumping.com\/es_do\/wp-json\/wp\/v2\/pages\/607\/revisions"}],"predecessor-version":[{"id":815,"href":"https:\/\/dmvconcretepumping.com\/es_do\/wp-json\/wp\/v2\/pages\/607\/revisions\/815"}],"up":[{"embeddable":true,"href":"https:\/\/dmvconcretepumping.com\/es_do\/wp-json\/wp\/v2\/pages\/561"}],"wp:attachment":[{"href":"https:\/\/dmvconcretepumping.com\/es_do\/wp-json\/wp\/v2\/media?parent=607"}],"curies":[{"name":"wp","href":"https:\/\/api.w.org\/{rel}","templated":true}]}}