{"id":235,"date":"2019-06-22T20:07:11","date_gmt":"2019-06-23T00:07:11","guid":{"rendered":"https:\/\/dmvconcretepumping.com\/?page_id=235"},"modified":"2024-08-19T20:03:38","modified_gmt":"2024-08-20T00:03:38","slug":"service_locations","status":"publish","type":"page","link":"https:\/\/dmvconcretepumping.com\/es_pr\/service_locations\/","title":{"rendered":"Lugares de servicio"},"content":{"rendered":"<h1>DMV Concrete Pumping lo tiene cubierto.<\/h1>\n\t<p><strong>Si usted est\u00e1 comenzando un proyecto concreto en, o cerca del \u00e1rea del tri\u00e1ngulo de NC, est\u00e9 seguro entrar en contacto con Demetrio Maganda-Villalva, due\u00f1o de DMV Concrete Pumping en\u00a0 <a href=\"mailto:DMVConcretePumping@gmail.com\" target=\"_blank\" rel=\"noopener\">DMVConcretePumping@gmail.com<\/a> o <a href=\"\/es_pr\/+1919539-9318\/\"> <b>(919) 539-9318<\/b><\/a>.<\/strong><\/p>\n<p><strong>Su empresa ofrece el mejor servicio de bombeo de hormig\u00f3n disponible. ya que nuestra pasi\u00f3n es el bombeo de hormig\u00f3n.<\/strong><\/p>\n<p><strong>Nos aseguramos de que cada sitio de trabajo concreto es impecable antes de que cualquiera de nuestro equipo se va para el d\u00eda. Usamos nuestro equipo para el sol concreto arriba, sol abajo, llueva o truene, si el trabajo es en cualquiera de las ciudades de abajo tenemos cubierto.<\/strong><\/p>\n\t\t\t\t\t<a href=\"#\" id=\"fl-accordion--label-0\" tabindex=\"0\" aria-controls=\"fl-accordion--panel-0\">Todo el condado de Wake, incluyendo:<\/a>\n\t\t\t\t\t\t\t\t\t\t\t<a href=\"#\" id=\"fl-accordion--icon-0\" tabindex=\"-1\"><i>Colapso<\/i><\/a>\n\t\t\t\t\t<ul type=\"disc\">\n<li><strong>Raleigh<\/strong><\/li>\n<li><strong>Cary<\/strong><\/li>\n<li><strong>Morrisville<\/strong><\/li>\n<li><strong>Wake Forest<\/strong><\/li>\n<li><strong>Apex<\/strong><\/li>\n<li><strong>\u00c1rea escolar de Cleveland<\/strong><\/li>\n<li><strong>Fuquay-Varina<\/strong><\/li>\n<li><strong>Garner<\/strong><\/li>\n<li><strong>Holly Springs<\/strong><\/li>\n<li><strong>Knightdale<\/strong><\/li>\n<li><strong>Colina Nueva<\/strong><\/li>\n<li><strong>North Wake\/Lago Falls<\/strong><\/li>\n<li><strong>Rolesville<\/strong><\/li>\n<li><strong>Wendell<\/strong><\/li>\n<li><strong>Willow Spring<\/strong><\/li>\n<li><strong>Zebulon<\/strong><\/li>\n<\/ul>\n\t\t\t\t\t<a href=\"#\" id=\"fl-accordion--label-1\" tabindex=\"0\" aria-controls=\"fl-accordion--panel-1\">Todo el condado de Durham, incluyendo:<\/a>\n\t\t\t\t\t\t\t\t\t\t\t<a href=\"#\" id=\"fl-accordion--icon-1\" tabindex=\"-1\"><i>Ampliar<\/i><\/a>\n\t\t\t\t\t<ul type=\"disc\">\n<li><strong>Durham<\/strong><\/li>\n<li><strong>RTP (Research Triangle Park)<\/strong><\/li>\n<li><strong>Carr<\/strong><\/li>\n<li><strong>Gorman<\/strong><\/li>\n<li><strong>L\u00edbano<\/strong><\/li>\n<li><strong>Mangum<\/strong><\/li>\n<li><strong>Robledal<\/strong><\/li>\n<li><strong>Rougemont<\/strong><\/li>\n<\/ul>\n\t\t\t\t\t<a href=\"#\" id=\"fl-accordion--label-2\" tabindex=\"0\" aria-controls=\"fl-accordion--panel-2\">Todo el Condado de Orange, incluyendo:<\/a>\n\t\t\t\t\t\t\t\t\t\t\t<a href=\"#\" id=\"fl-accordion--icon-2\" tabindex=\"-1\"><i>Ampliar<\/i><\/a>\n\t\t\t\t\t<ul>\n<li><strong>Carrboro<\/strong><\/li>\n<li><strong>Chapel Hill<\/strong><\/li>\n<li><strong>Hillsborough<\/strong><\/li>\n<li><strong>Efland<\/strong><\/li>\n<li><strong>Bingham<\/strong><\/li>\n<li><strong>Cedar Grove<\/strong><\/li>\n<li><strong>Mejillas<\/strong><\/li>\n<li><strong>Eno<\/strong><\/li>\n<li><strong>R\u00edo Peque\u00f1o<\/strong><\/li>\n<\/ul>\n\t\t\t\t\t<a href=\"#\" id=\"fl-accordion--label-3\" tabindex=\"0\" aria-controls=\"fl-accordion--panel-3\">Todo el condado de Johnston, incluyendo:<\/a>\n\t\t\t\t\t\t\t\t\t\t\t<a href=\"#\" id=\"fl-accordion--icon-3\" tabindex=\"-1\"><i>Ampliar<\/i><\/a>\n\t\t\t\t\t<ul type=\"disc\">\n<li><strong>Albergue Archer<\/strong><\/li>\n<li><strong>Benson<\/strong><\/li>\n<li><strong>Clayton<\/strong><\/li>\n<li><strong>Cuatro Robles<\/strong><\/li>\n<li><strong>Kenly<\/strong><\/li>\n<li><strong>Micro<\/strong><\/li>\n<li><strong>Nivel del pino<\/strong><\/li>\n<li><strong>Princeton<\/strong><\/li>\n<li><strong>Selma<\/strong><\/li>\n<li><strong>Smithfield<\/strong><\/li>\n<li><strong>Molinos Wilson<\/strong><\/li>\n<li><strong>Banner<\/strong><\/li>\n<li><strong>Bentonville<\/strong><\/li>\n<li><strong>Beulah<\/strong><\/li>\n<li><strong>Boon Hill<\/strong><\/li>\n<li><strong>Brogden<\/strong><\/li>\n<li><strong>Clayton<\/strong><\/li>\n<li><strong>Cleveland<\/strong><\/li>\n<li><strong>Elevaci\u00f3n<\/strong><\/li>\n<li><strong>Ingrams<\/strong><\/li>\n<li><strong>Pradera<\/strong><\/li>\n<li><strong>Micro<\/strong><\/li>\n<li><strong>O'Neals<\/strong><\/li>\n<li><strong>Nivel del pino<\/strong><\/li>\n<li><strong>Pleasant Grove<\/strong><\/li>\n<li><strong>Wilders<\/strong><\/li>\n<\/ul>\n\t\t\t\t\t<a href=\"#\" id=\"fl-accordion--label-4\" tabindex=\"0\" aria-controls=\"fl-accordion--panel-4\">Todo el condado de Alamance, incluyendo:<\/a>\n\t\t\t\t\t\t\t\t\t\t\t<a href=\"#\" id=\"fl-accordion--icon-4\" tabindex=\"-1\"><i>Ampliar<\/i><\/a>\n\t\t\t\t\t<ul>\n<li><strong>Burlington.<\/strong><\/li>\n<li><strong>Graham<\/strong><\/li>\n<li><strong>Mebane<\/strong><\/li>\n<li><strong>Elon<\/strong><\/li>\n<li><strong>Gibsonville<\/strong><\/li>\n<li><strong>Nivel Verde<\/strong><\/li>\n<li><strong>R\u00edo Haw<\/strong><\/li>\n<li><strong>Ossipee<\/strong><\/li>\n<li><strong>Swepsonville<\/strong><\/li>\n<\/ul>\n\t\t\t\t\t<a href=\"#\" id=\"fl-accordion--label-0\" tabindex=\"0\" aria-controls=\"fl-accordion--panel-0\">Todo el condado de Franklin, incluyendo:<\/a>\n\t\t\t\t\t\t\t\t\t\t\t<a href=\"#\" id=\"fl-accordion--icon-0\" tabindex=\"-1\"><i>Ampliar<\/i><\/a>\n\t\t\t\t\t<ul type=\"disc\">\n<li><strong>Bunn<\/strong><\/li>\n<li><strong>Franklinton<\/strong><\/li>\n<li><strong>Louisburg<\/strong><\/li>\n<li><strong>Youngsville<\/strong><\/li>\n<li><strong>Castalia<\/strong><\/li>\n<li><strong>Centerville<\/strong><\/li>\n<li><strong>Lago Royale<\/strong><\/li>\n<li><strong>Roca de Cedro<\/strong><\/li>\n<li><strong>Cypress Creek<\/strong><\/li>\n<li><strong>Dunn<\/strong><\/li>\n<li><strong>Franklinton<\/strong><\/li>\n<li><strong>Arena dorada<\/strong><\/li>\n<li><strong>Harris<\/strong><\/li>\n<li><strong>Hayesville<\/strong><\/li>\n<li><strong>Louisburg<\/strong><\/li>\n<li><strong>Arroyo Sandy<\/strong><\/li>\n<li><strong>Youngsville<\/strong><\/li>\n<\/ul>\n\t\t\t\t\t<a href=\"#\" id=\"fl-accordion--label-1\" tabindex=\"0\" aria-controls=\"fl-accordion--panel-1\">Todo el condado de Granville, incluyendo:<\/a>\n\t\t\t\t\t\t\t\t\t\t\t<a href=\"#\" id=\"fl-accordion--icon-1\" tabindex=\"-1\"><i>Ampliar<\/i><\/a>\n\t\t\t\t\t<ul type=\"disc\">\n<li><strong>Creedmoor<\/strong><\/li>\n<li><strong>Oxford<\/strong><\/li>\n<li><strong>Butner<\/strong><\/li>\n<li><strong>V\u00e1stago<\/strong><\/li>\n<li><strong>Stovall<\/strong><\/li>\n<li><strong>Brassfield<\/strong><\/li>\n<li><strong>Dutchville<\/strong><\/li>\n<li><strong>Arroyo de la Pesca<\/strong><\/li>\n<li><strong>Colina del Roble<\/strong><\/li>\n<li><strong>Oxford<\/strong><\/li>\n<li><strong>Salem<\/strong><\/li>\n<li><strong>Horquilla de Sasafr\u00e1s<\/strong><\/li>\n<li><strong>Tally Ho<\/strong><\/li>\n<li><strong>Nogal<\/strong><\/li>\n<\/ul>\n\t\t\t\t\t<a href=\"#\" id=\"fl-accordion--label-2\" tabindex=\"0\" aria-controls=\"fl-accordion--panel-2\">Todo el condado de Chatham, incluyendo:<\/a>\n\t\t\t\t\t\t\t\t\t\t\t<a href=\"#\" id=\"fl-accordion--icon-2\" tabindex=\"-1\"><i>Ampliar<\/i><\/a>\n\t\t\t\t\t<ul type=\"disc\">\n<li><strong>Goldston<\/strong><\/li>\n<li><strong>Pittsboro<\/strong><\/li>\n<li><strong>Siler City<\/strong><\/li>\n<li><strong>Albright<\/strong><\/li>\n<li><strong>Baldwin<\/strong><\/li>\n<li><strong>Arroyo del Oso<\/strong><\/li>\n<li><strong>Cape Fear<\/strong><\/li>\n<li><strong>Centro<\/strong><\/li>\n<li><strong>Golfo<\/strong><\/li>\n<li><strong>Hadley<\/strong><\/li>\n<li><strong>R\u00edo Haw<\/strong><\/li>\n<li><strong>Monta\u00f1a Hickory<\/strong><\/li>\n<li><strong>Matthews<\/strong><\/li>\n<li><strong>Nueva esperanza<\/strong><\/li>\n<li><strong>Oakland<\/strong><\/li>\n<li><strong>Williams<\/strong><\/li>\n<\/ul>\n\t\t\t\t\t<a href=\"#\" id=\"fl-accordion--label-3\" tabindex=\"0\" aria-controls=\"fl-accordion--panel-3\">Todo el condado de Person, incluyendo:<\/a>\n\t\t\t\t\t\t\t\t\t\t\t<a href=\"#\" id=\"fl-accordion--icon-3\" tabindex=\"-1\"><i>Ampliar<\/i><\/a>\n\t\t\t\t\t<ul>\n<li><strong>Roxboro<\/strong><\/li>\n<li><strong>Rougemont<\/strong><\/li>\n<li><strong>Allensville<\/strong><\/li>\n<li><strong>Bifurcaci\u00f3n<\/strong><\/li>\n<li><strong>Cunningham<\/strong><\/li>\n<li><strong>R\u00edo Plano<\/strong><\/li>\n<li><strong>Holloway<\/strong><\/li>\n<li><strong>Monte Tirsa<\/strong><\/li>\n<li><strong>Colina del Olivo<\/strong><\/li>\n<li><strong>Roxboro<\/strong><\/li>\n<li><strong>Woodsdale<\/strong><\/li>\n<\/ul>","protected":false},"excerpt":{"rendered":"<p>DMV Concrete Pumping lo tiene cubierto. Si usted est\u00e1 comenzando un proyecto concreto en, o cerca del \u00e1rea del tri\u00e1ngulo de NC, est\u00e9 seguro de entrar en contacto con Demetrio Maganda-Villalva, due\u00f1o de DMV Concrete Pumping en DMVConcretePumping@gmail.com o (919) 539-9318. Su empresa ofrece el mejor servicio de bombeo de hormig\u00f3n disponibles. ya que nuestra pasi\u00f3n es el bombeo de hormig\u00f3n. Nos aseguramos de que cada...<\/p>","protected":false},"author":1,"featured_media":0,"parent":0,"menu_order":0,"comment_status":"closed","ping_status":"closed","template":"","meta":{"footnotes":""},"class_list":["post-235","page","type-page","status-publish","hentry"],"_links":{"self":[{"href":"https:\/\/dmvconcretepumping.com\/es_pr\/wp-json\/wp\/v2\/pages\/235","targetHints":{"allow":["GET"]}}],"collection":[{"href":"https:\/\/dmvconcretepumping.com\/es_pr\/wp-json\/wp\/v2\/pages"}],"about":[{"href":"https:\/\/dmvconcretepumping.com\/es_pr\/wp-json\/wp\/v2\/types\/page"}],"author":[{"embeddable":true,"href":"https:\/\/dmvconcretepumping.com\/es_pr\/wp-json\/wp\/v2\/users\/1"}],"replies":[{"embeddable":true,"href":"https:\/\/dmvconcretepumping.com\/es_pr\/wp-json\/wp\/v2\/comments?post=235"}],"version-history":[{"count":36,"href":"https:\/\/dmvconcretepumping.com\/es_pr\/wp-json\/wp\/v2\/pages\/235\/revisions"}],"predecessor-version":[{"id":811,"href":"https:\/\/dmvconcretepumping.com\/es_pr\/wp-json\/wp\/v2\/pages\/235\/revisions\/811"}],"wp:attachment":[{"href":"https:\/\/dmvconcretepumping.com\/es_pr\/wp-json\/wp\/v2\/media?parent=235"}],"curies":[{"name":"wp","href":"https:\/\/api.w.org\/{rel}","templated":true}]}}