{"id":604,"date":"2019-09-23T19:41:43","date_gmt":"2019-09-23T23:41:43","guid":{"rendered":"https:\/\/dmvconcretepumping.com\/?page_id=604"},"modified":"2024-08-19T20:15:21","modified_gmt":"2024-08-20T00:15:21","slug":"36z-2-2","status":"publish","type":"page","link":"https:\/\/dmvconcretepumping.com\/fr\/pumper-fleet\/36z-2-2\/","title":{"rendered":"Compteur Putzmeister 36Z (unit\u00e9 1)"},"content":{"rendered":"<h1>Compteur Putzmeister 36Z (unit\u00e9 1)<\/h1>\n\n\t<p><strong>The Putzmeister 36Z is one of the most popular models because of its detachable Z-Fold boom. It has increased reach with the only four-section, 116&#8242; 10&#8243; (35.61m) boom on the market using X-style outriggers. The powerful pumping performance with a small footprint makes it ideal for restrictive job sites. Pump from the truck with rotation bearing slewing for precise control of concrete flow, or fly the boom to a placing tower with the quickest and easiest truck-to-tower conversion. The pump features an exclusive free flow hydraulic system that outperforms other pumps in the market. It guarantees higher output and lower costs when it comes to maintenance. Its intelligent, valve-less monitoring system takes oil into the drive cylinders without loss of pressure. This enhances the pump&#8217;s service life while increasing power and convenience.<\/strong><\/p>\n<ul>\n<li><strong>Longueur de la rampe<\/strong>: 36 m\u00e8tres (118 pieds)<\/li>\n<li><strong>Sections de la rampe<\/strong>: Pliage en Z \u00e0 4 sections<\/li>\n<li><strong>Port\u00e9e horizontale<\/strong>: Environ 32,9 m\u00e8tres (108 pieds)<\/li>\n<li><strong>Port\u00e9e verticale<\/strong>: Environ 35,5 m\u00e8tres (116 pieds)<\/li>\n<li><strong>Hauteur de d\u00e9pliage<\/strong>Longueur : 8,4 m\u00e8tres (27 pieds 7 pouces)<\/li>\n<li><strong>Sortie de la pompe<\/strong>: Jusqu'\u00e0 260 m\u00e8tres cubes par heure (340 yards cubes par heure)<\/li>\n<li><strong>Pression maximale sur le b\u00e9ton<\/strong>: 123 bar (1784 psi)<\/li>\n<li><strong>Nombre d'essieux<\/strong>: 3 essieux<\/li>\n<li><strong>\u00c9cartement de l'Outrigger<\/strong>:\n<ul>\n<li>Avant : 6,7 m\u00e8tres (22 pieds)<\/li>\n<li>Arri\u00e8re : 7,5 m\u00e8tres (24 pieds 7 pouces)<\/li>\n<\/ul>\n<\/li>\n<li><strong>Capacit\u00e9 de la tr\u00e9mie<\/strong>Capacit\u00e9 de chargement : 600 litres (21 pieds cubes)<\/li>\n<li><strong>Syst\u00e8me hydraulique<\/strong>: Syst\u00e8me hydraulique \u00e0 \u00e9coulement libre<\/li>\n<li><strong>Type de pompe<\/strong>: Pompe \u00e0 double piston, \u00e0 entra\u00eenement hydraulique<\/li>\n<li><strong>T\u00e9l\u00e9commande<\/strong>: T\u00e9l\u00e9commande radio enti\u00e8rement proportionnelle<\/li>\n<li><strong>Vanne en b\u00e9ton<\/strong>: S-Valve pour un pompage \u00e0 haut d\u00e9bit<\/li>\n<\/ul>\n\t\t\t\t<img loading=\"lazy\" decoding=\"async\" src=\"https:\/\/dmvconcretepumping.com\/wp-content\/uploads\/2019\/09\/Putzmeister-36Z-Meter-1-1.jpg\" alt=\"Putzmeister 36Z Meter #1\" itemprop=\"image\" height=\"960\" width=\"1280\" title=\"Compteur Putzmeister 36Z #1\" onerror=\"this.style.display='none'\"  \/>\n\t\t\t\t<img loading=\"lazy\" decoding=\"async\" src=\"https:\/\/dmvconcretepumping.com\/wp-content\/uploads\/2019\/09\/Putzmeister-36Z-Meter-1-3.jpg\" alt=\"Putzmeister 36Z Meter #1\" itemprop=\"image\" height=\"960\" width=\"1059\" title=\"Compteur Putzmeister 36Z #1\" onerror=\"this.style.display='none'\"  \/>","protected":false},"excerpt":{"rendered":"<p>Putzmeister 36Z-Meter (unit 1) The Putzmeister 36Z is one of the most popular models because of its detachable Z-Fold boom. It has increased reach with the only four-section, 116&#8242; 10&#8243; (35.61m) boom on the market using X-style outriggers. The powerful pumping performance with a small footprint makes it ideal for restrictive job sites. Pump from&hellip;<\/p>","protected":false},"author":1,"featured_media":0,"parent":561,"menu_order":0,"comment_status":"closed","ping_status":"closed","template":"","meta":{"footnotes":""},"class_list":["post-604","page","type-page","status-publish","hentry"],"_links":{"self":[{"href":"https:\/\/dmvconcretepumping.com\/fr\/wp-json\/wp\/v2\/pages\/604","targetHints":{"allow":["GET"]}}],"collection":[{"href":"https:\/\/dmvconcretepumping.com\/fr\/wp-json\/wp\/v2\/pages"}],"about":[{"href":"https:\/\/dmvconcretepumping.com\/fr\/wp-json\/wp\/v2\/types\/page"}],"author":[{"embeddable":true,"href":"https:\/\/dmvconcretepumping.com\/fr\/wp-json\/wp\/v2\/users\/1"}],"replies":[{"embeddable":true,"href":"https:\/\/dmvconcretepumping.com\/fr\/wp-json\/wp\/v2\/comments?post=604"}],"version-history":[{"count":7,"href":"https:\/\/dmvconcretepumping.com\/fr\/wp-json\/wp\/v2\/pages\/604\/revisions"}],"predecessor-version":[{"id":817,"href":"https:\/\/dmvconcretepumping.com\/fr\/wp-json\/wp\/v2\/pages\/604\/revisions\/817"}],"up":[{"embeddable":true,"href":"https:\/\/dmvconcretepumping.com\/fr\/wp-json\/wp\/v2\/pages\/561"}],"wp:attachment":[{"href":"https:\/\/dmvconcretepumping.com\/fr\/wp-json\/wp\/v2\/media?parent=604"}],"curies":[{"name":"wp","href":"https:\/\/api.w.org\/{rel}","templated":true}]}}