{"id":156,"date":"2019-06-22T20:07:11","date_gmt":"2019-06-23T00:07:11","guid":{"rendered":"https:\/\/dmvconcretepumping.com\/?page_id=156"},"modified":"2024-08-19T19:28:55","modified_gmt":"2024-08-19T23:28:55","slug":"home","status":"publish","type":"page","link":"https:\/\/dmvconcretepumping.com\/fr_fr\/","title":{"rendered":"Accueil"},"content":{"rendered":"<h3>D\u00e9di\u00e9 \u00e0 la qualit\u00e9 du travail et au partenariat avec d'autres fournisseurs qualifi\u00e9s pour achever les projets dans les d\u00e9lais impartis.<\/h3>\n\t<p><strong>Le b\u00e9ton constitue la base de nombreuses propri\u00e9t\u00e9s, qu'elles soient commerciales ou r\u00e9sidentielles. Chez DMV Concrete Pumping, nous sommes convaincus de fournir les meilleurs services de pompage de b\u00e9ton de Caroline du Nord.<\/strong><\/p>\n<p><strong>Notre engagement en faveur de l'excellence permet de garantir que chaque travail est achev\u00e9 dans les d\u00e9lais et de la bonne mani\u00e8re.<\/strong><\/p>\n<p><strong>Le b\u00e9ton peut \u00eatre un travail difficile, et nos clients le comprennent. Au lieu d'essayer de le faire vous-m\u00eame ou d'esp\u00e9rer que votre homme \u00e0 tout faire puisse s'occuper d'un projet, compter sur nous signifie que vous obtiendrez les meilleurs r\u00e9sultats pour votre argent, \u00e0 chaque fois.<\/strong><\/p>\n<p><strong>Nous nous distinguons comme l'un des meilleurs services de pompage de b\u00e9ton en Caroline du Nord pour de nombreuses raisons, mais tout se r\u00e9sume \u00e0 notre enthousiasme pour ce que nous faisons. Notre \u00e9quipe est compos\u00e9e de professionnels qui se pr\u00e9sentent et font le travail de la bonne mani\u00e8re, et non pas d'une \u00e9quipe qui tue le temps et fait tra\u00eener un travail plus longtemps qu'il ne le devrait, tout en vous laissant avec des r\u00e9sultats moins qu'ad\u00e9quats.<\/strong><\/p>\n\t\t\t\t<img decoding=\"async\" src=\"https:\/\/dmvconcretepumping.com\/wp-content\/uploads\/2019\/09\/Putzmeister-36Z-Meter-1-3.jpg\" alt=\"Putzmeister 36Z Meter #1\" itemprop=\"image\">\n\t\t\t\t<img loading=\"lazy\" decoding=\"async\" src=\"https:\/\/dmvconcretepumping.com\/wp-content\/uploads\/2019\/09\/Putzmeister-TK-50-1-pipe-file-3.jpg\" alt=\"Putzmeister TK 50 (pipe fill)\" itemprop=\"image\" height=\"960\" width=\"1599\" title=\"Putzmeister TK 50 (remplissage du tuyau)\" onerror=\"this.style.display='none'\">\n\t\t\t\t<img loading=\"lazy\" decoding=\"async\" src=\"https:\/\/dmvconcretepumping.com\/wp-content\/uploads\/2019\/09\/Putzmeister-TK-50-1-1.jpg\" alt=\"Putzmeister TK 50\" itemprop=\"image\" height=\"960\" width=\"1261\" title=\"Putzmeister TK 50\" onerror=\"this.style.display='none'\">\n\t\t\t\t<img loading=\"lazy\" decoding=\"async\" src=\"https:\/\/dmvconcretepumping.com\/wp-content\/uploads\/2019\/09\/Putzmeister-TK-50-1-2.jpg\" alt=\"Putzmeister TK 50\" itemprop=\"image\" height=\"1584\" width=\"2328\" title=\"Putzmeister TK 50\" onerror=\"this.style.display='none'\">","protected":false},"excerpt":{"rendered":"<p>Nous nous engageons \u00e0 fournir un travail de qualit\u00e9 et \u00e0 \u00e9tablir des partenariats avec d'autres fournisseurs qualifi\u00e9s afin d'achever les projets dans les d\u00e9lais impartis. Le b\u00e9ton constitue la base de nombreuses propri\u00e9t\u00e9s, qu'elles soient commerciales ou r\u00e9sidentielles. Chez DMV Concrete Pumping, nous sommes convaincus de fournir les meilleurs services de pompage de b\u00e9ton de Caroline du Nord. Notre engagement en faveur de l'excellence nous permet de garantir que chaque...<\/p>","protected":false},"author":1,"featured_media":0,"parent":0,"menu_order":0,"comment_status":"closed","ping_status":"closed","template":"","meta":{"footnotes":""},"class_list":["post-156","page","type-page","status-publish","hentry"],"_links":{"self":[{"href":"https:\/\/dmvconcretepumping.com\/fr_fr\/wp-json\/wp\/v2\/pages\/156","targetHints":{"allow":["GET"]}}],"collection":[{"href":"https:\/\/dmvconcretepumping.com\/fr_fr\/wp-json\/wp\/v2\/pages"}],"about":[{"href":"https:\/\/dmvconcretepumping.com\/fr_fr\/wp-json\/wp\/v2\/types\/page"}],"author":[{"embeddable":true,"href":"https:\/\/dmvconcretepumping.com\/fr_fr\/wp-json\/wp\/v2\/users\/1"}],"replies":[{"embeddable":true,"href":"https:\/\/dmvconcretepumping.com\/fr_fr\/wp-json\/wp\/v2\/comments?post=156"}],"version-history":[{"count":31,"href":"https:\/\/dmvconcretepumping.com\/fr_fr\/wp-json\/wp\/v2\/pages\/156\/revisions"}],"predecessor-version":[{"id":637,"href":"https:\/\/dmvconcretepumping.com\/fr_fr\/wp-json\/wp\/v2\/pages\/156\/revisions\/637"}],"wp:attachment":[{"href":"https:\/\/dmvconcretepumping.com\/fr_fr\/wp-json\/wp\/v2\/media?parent=156"}],"curies":[{"name":"wp","href":"https:\/\/api.w.org\/{rel}","templated":true}]}}