{"id":598,"date":"2019-09-23T19:24:01","date_gmt":"2019-09-23T23:24:01","guid":{"rendered":"https:\/\/dmvconcretepumping.com\/?page_id=598"},"modified":"2024-08-19T20:14:26","modified_gmt":"2024-08-20T00:14:26","slug":"36z-2","status":"publish","type":"page","link":"https:\/\/dmvconcretepumping.com\/fr_fr\/pumper-fleet\/36z-2\/","title":{"rendered":"Compteur Putzmeister 36Z (unit\u00e9 2)"},"content":{"rendered":"<h1><strong>Compteur Putzmeister 36Z (unit\u00e9 2)<\/strong><\/h1>\n<p><strong>La Putzmeister 36Z est l'un des mod\u00e8les les plus populaires gr\u00e2ce \u00e0 sa fl\u00e8che amovible \u00e0 repliage en Z. Il a une port\u00e9e accrue avec la seule fl\u00e8che \u00e0 quatre sections de 116\u2032 10\u2033 (35,61m) sur le march\u00e9 utilisant des stabilisateurs de style X. Les puissantes performances de pompage avec un faible encombrement en font l'outil id\u00e9al pour les chantiers contraignants. Pompez \u00e0 partir du camion gr\u00e2ce \u00e0 l'orientation sur palier de rotation qui permet un contr\u00f4le pr\u00e9cis du d\u00e9bit de b\u00e9ton, ou faites voler la fl\u00e8che jusqu'\u00e0 une tour de placement gr\u00e2ce \u00e0 la conversion camion-tour la plus rapide et la plus simple qui soit. La pompe est \u00e9quip\u00e9e d'un syst\u00e8me hydraulique exclusif \u00e0 \u00e9coulement libre qui surpasse les autres pompes du march\u00e9. Il garantit un rendement plus \u00e9lev\u00e9 et des co\u00fbts de maintenance r\u00e9duits. Son syst\u00e8me de contr\u00f4le intelligent, sans valve, am\u00e8ne l'huile dans les cylindres d'entra\u00eenement sans perte de pression. Cela augmente la dur\u00e9e de vie de la pompe tout en augmentant la puissance et la commodit\u00e9.<\/strong><\/p>\n<ul>\n<li><strong>Longueur de la rampe<\/strong>: 36 m\u00e8tres (118 pieds)<\/li>\n<li><strong>Sections de la rampe<\/strong>: Pliage en Z \u00e0 4 sections<\/li>\n<li><strong>Port\u00e9e horizontale<\/strong>: Environ 32,9 m\u00e8tres (108 pieds)<\/li>\n<li><strong>Port\u00e9e verticale<\/strong>: Environ 35,5 m\u00e8tres (116 pieds)<\/li>\n<li><strong>Hauteur de d\u00e9pliage<\/strong>Longueur : 8,4 m\u00e8tres (27 pieds 7 pouces)<\/li>\n<li><strong>Sortie de la pompe<\/strong>: Jusqu'\u00e0 260 m\u00e8tres cubes par heure (340 yards cubes par heure)<\/li>\n<li><strong>Pression maximale sur le b\u00e9ton<\/strong>: 123 bar (1784 psi)<\/li>\n<li><strong>Nombre d'essieux<\/strong>: 3 essieux<\/li>\n<li><strong>\u00c9cartement de l'Outrigger<\/strong>:\n<ul>\n<li>Avant : 6,7 m\u00e8tres (22 pieds)<\/li>\n<li>Arri\u00e8re : 7,5 m\u00e8tres (24 pieds 7 pouces)<\/li>\n<\/ul>\n<\/li>\n<li><strong>Capacit\u00e9 de la tr\u00e9mie<\/strong>Capacit\u00e9 de chargement : 600 litres (21 pieds cubes)<\/li>\n<li><strong>Syst\u00e8me hydraulique<\/strong>: Syst\u00e8me hydraulique \u00e0 \u00e9coulement libre<\/li>\n<li><strong>Type de pompe<\/strong>: Pompe \u00e0 double piston, \u00e0 entra\u00eenement hydraulique<\/li>\n<li><strong>T\u00e9l\u00e9commande<\/strong>: T\u00e9l\u00e9commande radio enti\u00e8rement proportionnelle<\/li>\n<li><strong>Vanne en b\u00e9ton<\/strong>: S-Valve pour un pompage \u00e0 haut d\u00e9bit<\/li>\n<\/ul>\n\t\t\t\t<img loading=\"lazy\" decoding=\"async\" src=\"https:\/\/dmvconcretepumping.com\/wp-content\/uploads\/2019\/09\/Putzmeister-36Z-Meter-2-2.jpg\" alt=\"Putzmeister 36Z Meter #2\" itemprop=\"image\" height=\"960\" width=\"720\" title=\"Compteur Putzmeister 36Z #2\" onerror=\"this.style.display='none'\"  \/>\n\t\t\t\t<img loading=\"lazy\" decoding=\"async\" src=\"https:\/\/dmvconcretepumping.com\/wp-content\/uploads\/2019\/09\/Putzmeister-36Z-Meter-2-3.jpg\" alt=\"Putzmeister 36Z Meter #2\" itemprop=\"image\" height=\"960\" width=\"1280\" title=\"Compteur Putzmeister 36Z #2\" onerror=\"this.style.display='none'\"  \/>\n\t\t\t\t<img loading=\"lazy\" decoding=\"async\" src=\"https:\/\/dmvconcretepumping.com\/wp-content\/uploads\/2019\/09\/Putzmeister-36Z-Meter-2-1.jpg\" alt=\"Putzmeister 36Z Meter #2\" itemprop=\"image\" height=\"960\" width=\"720\" title=\"Compteur Putzmeister 36Z #2\" onerror=\"this.style.display='none'\"  \/>","protected":false},"excerpt":{"rendered":"<p>Putzmeister 36Z-Meter (unit 2) The Putzmeister 36Z is one of the most popular models because of its detachable Z-Fold boom. It has increased reach with the only four-section, 116&#8242; 10&#8243; (35.61m) boom on the market using X-style outriggers. The powerful pumping performance with a small footprint makes it ideal for restrictive job sites. Pump from&hellip;<\/p>","protected":false},"author":1,"featured_media":0,"parent":561,"menu_order":0,"comment_status":"closed","ping_status":"closed","template":"","meta":{"footnotes":""},"class_list":["post-598","page","type-page","status-publish","hentry"],"_links":{"self":[{"href":"https:\/\/dmvconcretepumping.com\/fr_fr\/wp-json\/wp\/v2\/pages\/598","targetHints":{"allow":["GET"]}}],"collection":[{"href":"https:\/\/dmvconcretepumping.com\/fr_fr\/wp-json\/wp\/v2\/pages"}],"about":[{"href":"https:\/\/dmvconcretepumping.com\/fr_fr\/wp-json\/wp\/v2\/types\/page"}],"author":[{"embeddable":true,"href":"https:\/\/dmvconcretepumping.com\/fr_fr\/wp-json\/wp\/v2\/users\/1"}],"replies":[{"embeddable":true,"href":"https:\/\/dmvconcretepumping.com\/fr_fr\/wp-json\/wp\/v2\/comments?post=598"}],"version-history":[{"count":6,"href":"https:\/\/dmvconcretepumping.com\/fr_fr\/wp-json\/wp\/v2\/pages\/598\/revisions"}],"predecessor-version":[{"id":816,"href":"https:\/\/dmvconcretepumping.com\/fr_fr\/wp-json\/wp\/v2\/pages\/598\/revisions\/816"}],"up":[{"embeddable":true,"href":"https:\/\/dmvconcretepumping.com\/fr_fr\/wp-json\/wp\/v2\/pages\/561"}],"wp:attachment":[{"href":"https:\/\/dmvconcretepumping.com\/fr_fr\/wp-json\/wp\/v2\/media?parent=598"}],"curies":[{"name":"wp","href":"https:\/\/api.w.org\/{rel}","templated":true}]}}