{"id":156,"date":"2019-06-22T20:07:11","date_gmt":"2019-06-23T00:07:11","guid":{"rendered":"https:\/\/dmvconcretepumping.com\/?page_id=156"},"modified":"2024-08-19T19:28:55","modified_gmt":"2024-08-19T23:28:55","slug":"home","status":"publish","type":"page","link":"https:\/\/dmvconcretepumping.com\/pt\/","title":{"rendered":"In\u00edcio"},"content":{"rendered":"<h3>Dedicado ao trabalho de qualidade e \u00e0 parceria com outros fornecedores qualificados para concluir projetos dentro do prazo.<\/h3>\n\t<p><strong>O concreto forma a base de muitas propriedades, desde comerciais at\u00e9 residenciais. E aqui na DMV Concrete Pumping, acreditamos em fornecer os melhores servi\u00e7os de bombeamento de concreto da Carolina do Norte.<\/strong><\/p>\n<p><strong>Nosso compromisso com a excel\u00eancia ajuda a garantir que todos os trabalhos sejam conclu\u00eddos no prazo e da maneira correta.<\/strong><\/p>\n<p><strong>O concreto pode ser um trabalho \u00e1rduo, e nossos clientes entendem isso. Em vez de tentar fazer voc\u00ea mesmo ou esperar que o seu faz-tudo possa cuidar de um projeto, contar conosco significa que voc\u00ea obter\u00e1 os melhores resultados pelo seu dinheiro, sempre.<\/strong><\/p>\n<p><strong>N\u00f3s nos destacamos como um dos melhores servi\u00e7os de bombeamento de concreto na Carolina do Norte por v\u00e1rios motivos, mas tudo se resume ao nosso entusiasmo pelo que fazemos. Nossa equipe \u00e9 formada por profissionais que comparecem e fazem o trabalho da maneira correta, e n\u00e3o por uma equipe que perde tempo e faz com que o trabalho se arraste por mais tempo do que deveria, deixando-o com resultados abaixo do adequado.<\/strong><\/p>\n\t\t\t\t<img decoding=\"async\" src=\"https:\/\/dmvconcretepumping.com\/wp-content\/uploads\/2019\/09\/Putzmeister-36Z-Meter-1-3.jpg\" alt=\"Putzmeister 36Z Meter #1\" itemprop=\"image\">\n\t\t\t\t<img loading=\"lazy\" decoding=\"async\" src=\"https:\/\/dmvconcretepumping.com\/wp-content\/uploads\/2019\/09\/Putzmeister-TK-50-1-pipe-file-3.jpg\" alt=\"Putzmeister TK 50 (pipe fill)\" itemprop=\"image\" height=\"960\" width=\"1599\" title=\"Putzmeister TK 50 (enchimento do tubo)\" onerror=\"this.style.display='none'\">\n\t\t\t\t<img loading=\"lazy\" decoding=\"async\" src=\"https:\/\/dmvconcretepumping.com\/wp-content\/uploads\/2019\/09\/Putzmeister-TK-50-1-1.jpg\" alt=\"Putzmeister TK 50\" itemprop=\"image\" height=\"960\" width=\"1261\" title=\"Putzmeister TK 50\" onerror=\"this.style.display='none'\">\n\t\t\t\t<img loading=\"lazy\" decoding=\"async\" src=\"https:\/\/dmvconcretepumping.com\/wp-content\/uploads\/2019\/09\/Putzmeister-TK-50-1-2.jpg\" alt=\"Putzmeister TK 50\" itemprop=\"image\" height=\"1584\" width=\"2328\" title=\"Putzmeister TK 50\" onerror=\"this.style.display='none'\">","protected":false},"excerpt":{"rendered":"<p>Dedicada ao trabalho de qualidade e \u00e0 parceria com outros fornecedores qualificados para concluir projetos dentro do prazo. O concreto forma a base de muitas propriedades, de comerciais a residenciais. E aqui na DMV Concrete Pumping, acreditamos em fornecer os melhores servi\u00e7os de bombeamento de concreto da Carolina do Norte. Nosso compromisso com a excel\u00eancia ajuda a garantir que cada trabalho seja...<\/p>","protected":false},"author":1,"featured_media":0,"parent":0,"menu_order":0,"comment_status":"closed","ping_status":"closed","template":"","meta":{"footnotes":""},"class_list":["post-156","page","type-page","status-publish","hentry"],"_links":{"self":[{"href":"https:\/\/dmvconcretepumping.com\/pt\/wp-json\/wp\/v2\/pages\/156","targetHints":{"allow":["GET"]}}],"collection":[{"href":"https:\/\/dmvconcretepumping.com\/pt\/wp-json\/wp\/v2\/pages"}],"about":[{"href":"https:\/\/dmvconcretepumping.com\/pt\/wp-json\/wp\/v2\/types\/page"}],"author":[{"embeddable":true,"href":"https:\/\/dmvconcretepumping.com\/pt\/wp-json\/wp\/v2\/users\/1"}],"replies":[{"embeddable":true,"href":"https:\/\/dmvconcretepumping.com\/pt\/wp-json\/wp\/v2\/comments?post=156"}],"version-history":[{"count":31,"href":"https:\/\/dmvconcretepumping.com\/pt\/wp-json\/wp\/v2\/pages\/156\/revisions"}],"predecessor-version":[{"id":637,"href":"https:\/\/dmvconcretepumping.com\/pt\/wp-json\/wp\/v2\/pages\/156\/revisions\/637"}],"wp:attachment":[{"href":"https:\/\/dmvconcretepumping.com\/pt\/wp-json\/wp\/v2\/media?parent=156"}],"curies":[{"name":"wp","href":"https:\/\/api.w.org\/{rel}","templated":true}]}}