{"id":604,"date":"2019-09-23T19:41:43","date_gmt":"2019-09-23T23:41:43","guid":{"rendered":"https:\/\/dmvconcretepumping.com\/?page_id=604"},"modified":"2024-08-19T20:15:21","modified_gmt":"2024-08-20T00:15:21","slug":"36z-2-2","status":"publish","type":"page","link":"https:\/\/dmvconcretepumping.com\/pt\/pumper-fleet\/36z-2-2\/","title":{"rendered":"Putzmeister 36Z-Meter (unidade 1)"},"content":{"rendered":"<h1>Putzmeister 36Z-Meter (unidade 1)<\/h1>\n\n\t<p><strong>The Putzmeister 36Z is one of the most popular models because of its detachable Z-Fold boom. It has increased reach with the only four-section, 116&#8242; 10&#8243; (35.61m) boom on the market using X-style outriggers. The powerful pumping performance with a small footprint makes it ideal for restrictive job sites. Pump from the truck with rotation bearing slewing for precise control of concrete flow, or fly the boom to a placing tower with the quickest and easiest truck-to-tower conversion. The pump features an exclusive free flow hydraulic system that outperforms other pumps in the market. It guarantees higher output and lower costs when it comes to maintenance. Its intelligent, valve-less monitoring system takes oil into the drive cylinders without loss of pressure. This enhances the pump&#8217;s service life while increasing power and convenience.<\/strong><\/p>\n<ul>\n<li><strong>Comprimento da lan\u00e7a<\/strong>: 36 metros (118 p\u00e9s)<\/li>\n<li><strong>Se\u00e7\u00f5es da lan\u00e7a<\/strong>: Design de 4 se\u00e7\u00f5es com dobra em Z<\/li>\n<li><strong>Alcance horizontal<\/strong>: Aproximadamente 32,9 metros (108 p\u00e9s)<\/li>\n<li><strong>Alcance vertical<\/strong>: Aproximadamente 35,5 metros (116 p\u00e9s)<\/li>\n<li><strong>Altura de desdobramento<\/strong>: 8,4 metros (27 p\u00e9s e 7 polegadas)<\/li>\n<li><strong>Sa\u00edda da bomba<\/strong>: At\u00e9 260 metros c\u00fabicos por hora (340 jardas c\u00fabicas por hora)<\/li>\n<li><strong>Press\u00e3o m\u00e1xima sobre o concreto<\/strong>: 123 bar (1784 psi)<\/li>\n<li><strong>N\u00famero de eixos<\/strong>: 3 eixos<\/li>\n<li><strong>Extens\u00e3o do Outrigger<\/strong>:\n<ul>\n<li>Frente: 6,7 metros (22 p\u00e9s)<\/li>\n<li>Traseira: 7,5 metros (24 p\u00e9s e 7 polegadas)<\/li>\n<\/ul>\n<\/li>\n<li><strong>Capacidade da tremonha<\/strong>Capacidade de carga: 600 litros (21 p\u00e9s c\u00fabicos)<\/li>\n<li><strong>Sistema hidr\u00e1ulico<\/strong>: Sistema hidr\u00e1ulico de fluxo livre<\/li>\n<li><strong>Tipo de bomba<\/strong>: Bomba de pist\u00e3o duplo com acionamento hidr\u00e1ulico<\/li>\n<li><strong>Controle remoto<\/strong>: Controle remoto via r\u00e1dio totalmente proporcional<\/li>\n<li><strong>V\u00e1lvula de concreto<\/strong>: Projeto da v\u00e1lvula S para bombeamento de alta vaz\u00e3o<\/li>\n<\/ul>\n\t\t\t\t<img loading=\"lazy\" decoding=\"async\" src=\"https:\/\/dmvconcretepumping.com\/wp-content\/uploads\/2019\/09\/Putzmeister-36Z-Meter-1-1.jpg\" alt=\"Putzmeister 36Z Meter #1\" itemprop=\"image\" height=\"960\" width=\"1280\" title=\"Medidor Putzmeister 36Z #1\" onerror=\"this.style.display='none'\"  \/>\n\t\t\t\t<img loading=\"lazy\" decoding=\"async\" src=\"https:\/\/dmvconcretepumping.com\/wp-content\/uploads\/2019\/09\/Putzmeister-36Z-Meter-1-3.jpg\" alt=\"Putzmeister 36Z Meter #1\" itemprop=\"image\" height=\"960\" width=\"1059\" title=\"Medidor Putzmeister 36Z #1\" onerror=\"this.style.display='none'\"  \/>","protected":false},"excerpt":{"rendered":"<p>Putzmeister 36Z-Meter (unit 1) The Putzmeister 36Z is one of the most popular models because of its detachable Z-Fold boom. It has increased reach with the only four-section, 116&#8242; 10&#8243; (35.61m) boom on the market using X-style outriggers. The powerful pumping performance with a small footprint makes it ideal for restrictive job sites. Pump from&hellip;<\/p>","protected":false},"author":1,"featured_media":0,"parent":561,"menu_order":0,"comment_status":"closed","ping_status":"closed","template":"","meta":{"footnotes":""},"class_list":["post-604","page","type-page","status-publish","hentry"],"_links":{"self":[{"href":"https:\/\/dmvconcretepumping.com\/pt\/wp-json\/wp\/v2\/pages\/604","targetHints":{"allow":["GET"]}}],"collection":[{"href":"https:\/\/dmvconcretepumping.com\/pt\/wp-json\/wp\/v2\/pages"}],"about":[{"href":"https:\/\/dmvconcretepumping.com\/pt\/wp-json\/wp\/v2\/types\/page"}],"author":[{"embeddable":true,"href":"https:\/\/dmvconcretepumping.com\/pt\/wp-json\/wp\/v2\/users\/1"}],"replies":[{"embeddable":true,"href":"https:\/\/dmvconcretepumping.com\/pt\/wp-json\/wp\/v2\/comments?post=604"}],"version-history":[{"count":7,"href":"https:\/\/dmvconcretepumping.com\/pt\/wp-json\/wp\/v2\/pages\/604\/revisions"}],"predecessor-version":[{"id":817,"href":"https:\/\/dmvconcretepumping.com\/pt\/wp-json\/wp\/v2\/pages\/604\/revisions\/817"}],"up":[{"embeddable":true,"href":"https:\/\/dmvconcretepumping.com\/pt\/wp-json\/wp\/v2\/pages\/561"}],"wp:attachment":[{"href":"https:\/\/dmvconcretepumping.com\/pt\/wp-json\/wp\/v2\/media?parent=604"}],"curies":[{"name":"wp","href":"https:\/\/api.w.org\/{rel}","templated":true}]}}