{"id":607,"date":"2019-09-23T21:09:53","date_gmt":"2019-09-24T01:09:53","guid":{"rendered":"https:\/\/dmvconcretepumping.com\/?page_id=607"},"modified":"2024-08-19T20:12:23","modified_gmt":"2024-08-20T00:12:23","slug":"tk70-1","status":"publish","type":"page","link":"https:\/\/dmvconcretepumping.com\/pt\/pumper-fleet\/tk70-1\/","title":{"rendered":"Thom-Katt Trailer Pump TK 70"},"content":{"rendered":"<h1>Bomba de reboque Thom-Katt TK 70 (unidade 1)<\/h1>\n<h2>Ideal para trabalhos em concreto estrutural<\/h2>\n\t<p>Ideal para trabalhos de concreto estrutural, a bomba montada em reboque Putzmeister Thom-Katt TK 70 pode lidar com uma variedade de materiais, incluindo as misturas mais dif\u00edceis. Com um volume m\u00e1ximo de sa\u00edda de at\u00e9 74 yd\u00b3\/h (57m\u00b3\/h), a TK 70 pode lidar com uma variedade de aplica\u00e7\u00f5es civis.<\/p>\n<p>As bombas de reboque Putzmeister Thom-Katt s\u00e3o ideais para bombeamento de concreto e aplica\u00e7\u00f5es de concreto projetado em processo \u00famido. Com constru\u00e7\u00e3o robusta e um projeto de tremonha angular, elas suportam os rigores de qualquer canteiro de obras. A opera\u00e7\u00e3o de alta press\u00e3o permite que voc\u00ea bombeie material por longas dist\u00e2ncias.<\/p>\n<p>A S-Valve hidr\u00e1ulica da Thom-Katt \u00e9 ideal para bombear materiais agregados maiores. Ela permite que voc\u00ea reverta o curso para aliviar a press\u00e3o de plugues ou ao bombear misturas dif\u00edceis de baixo abatimento ou de fibras. Os cilindros de material e o sistema hidr\u00e1ulico vari\u00e1vel e suave permitem um controle preciso com baixo rendimento para aplica\u00e7\u00f5es especializadas. Voc\u00ea pode manter uma press\u00e3o de sa\u00edda substancial ao reduzir para linhas de transporte de menor di\u00e2metro.<\/p>\n<ul>\n<li><strong>Motor<\/strong>: Caterpillar C2.2, 49,4 hp (36,8 kW)<\/li>\n<li><strong>Tipo de bomba<\/strong>: V\u00e1lvula S<\/li>\n<li><strong>Sa\u00edda m\u00e1xima de concreto<\/strong>: 74 yd\u00b3\/hr (57 m\u00b3\/hr)<\/li>\n<li><strong>Press\u00e3o m\u00e1xima sobre o concreto<\/strong>: 1.130 psi (7,8 MPa)<\/li>\n<li><strong>Tamanho m\u00e1ximo do agregado<\/strong>: 1,5 polegadas (38 mm)<\/li>\n<li><strong>Capacidade da tremonha<\/strong>: 0,36 m\u00b3 (12,6 p\u00e9s\u00b3)<\/li>\n<li><strong>Capacidade do tanque hidr\u00e1ulico<\/strong>: 48 gal\u00f5es (182 litros)<\/li>\n<li><strong>Capacidade do tanque de combust\u00edvel<\/strong>: 24 gal\u00f5es (91 litros)<\/li>\n<li><strong>Di\u00e2metro do cilindro de bombeamento<\/strong>: 6 polegadas (152 mm)<\/li>\n<li><strong>Comprimento do curso do cilindro de bombeamento<\/strong>: 39 polegadas (991 mm)<\/li>\n<li><strong>Peso do reboque<\/strong>: Aproximadamente 2.749 kg (6.060 lbs)<\/li>\n<li><strong>Dimens\u00f5es (C x L x A)<\/strong>: 184 pol. x 78 pol. x 90 pol. (4,67 m x 1,98 m x 2,29 m)<\/li>\n<\/ul>\n\t\t\t\t<img loading=\"lazy\" decoding=\"async\" src=\"https:\/\/dmvconcretepumping.com\/wp-content\/uploads\/2019\/09\/Putzmeister-TK-70-1.jpg\" alt=\"Putzmeister TK 70\" itemprop=\"image\" height=\"720\" width=\"960\" title=\"Putzmeister TK 70\" onerror=\"this.style.display='none'\"  \/>","protected":false},"excerpt":{"rendered":"<p>Thom-Katt Trailer Pump TK 70 (unit 1) Ideal for Structural Concrete Jobs Ideal for structural concrete jobs, the Putzmeister Thom-Katt TK 70 trailer-mounted pump can handle a variety of materials, including the harshest mixes. With a maximum volume output of up to 74 yd\u00b3\/hr (57m\u00b3\/hr), the TK 70 can tackle a variety of civil applications.&hellip;<\/p>","protected":false},"author":1,"featured_media":0,"parent":561,"menu_order":0,"comment_status":"closed","ping_status":"closed","template":"","meta":{"footnotes":""},"class_list":["post-607","page","type-page","status-publish","hentry"],"_links":{"self":[{"href":"https:\/\/dmvconcretepumping.com\/pt\/wp-json\/wp\/v2\/pages\/607","targetHints":{"allow":["GET"]}}],"collection":[{"href":"https:\/\/dmvconcretepumping.com\/pt\/wp-json\/wp\/v2\/pages"}],"about":[{"href":"https:\/\/dmvconcretepumping.com\/pt\/wp-json\/wp\/v2\/types\/page"}],"author":[{"embeddable":true,"href":"https:\/\/dmvconcretepumping.com\/pt\/wp-json\/wp\/v2\/users\/1"}],"replies":[{"embeddable":true,"href":"https:\/\/dmvconcretepumping.com\/pt\/wp-json\/wp\/v2\/comments?post=607"}],"version-history":[{"count":9,"href":"https:\/\/dmvconcretepumping.com\/pt\/wp-json\/wp\/v2\/pages\/607\/revisions"}],"predecessor-version":[{"id":815,"href":"https:\/\/dmvconcretepumping.com\/pt\/wp-json\/wp\/v2\/pages\/607\/revisions\/815"}],"up":[{"embeddable":true,"href":"https:\/\/dmvconcretepumping.com\/pt\/wp-json\/wp\/v2\/pages\/561"}],"wp:attachment":[{"href":"https:\/\/dmvconcretepumping.com\/pt\/wp-json\/wp\/v2\/media?parent=607"}],"curies":[{"name":"wp","href":"https:\/\/api.w.org\/{rel}","templated":true}]}}