{"id":19,"date":"2019-06-22T20:07:11","date_gmt":"2019-06-23T00:07:11","guid":{"rendered":"https:\/\/dmvconcretepumping.com\/?page_id=19"},"modified":"2024-08-19T20:06:51","modified_gmt":"2024-08-20T00:06:51","slug":"contact_us","status":"publish","type":"page","link":"https:\/\/dmvconcretepumping.com\/pt_pt\/contact_us\/","title":{"rendered":"Contactar-nos"},"content":{"rendered":"<p><strong>Entre em contacto connosco e entraremos em contacto consigo assim que poss\u00edvel.<\/strong><\/p>\n<ul>\n<li><strong>Para fatura\u00e7\u00e3o ou outras quest\u00f5es administrativas: <a href=\"mailto:DMVConcretePumping@gmail.com\">Enviar e-mail para DMVConcretePumping@gmail.com<\/a>, <a href=\"mailto:9849606851@vtext.com\">Enviar texto para 984-960-6851 por correio eletr\u00f3nico<\/a>\u00a0ou <a href=\"tel:9849606851\">Telefone\/Texto 984-960-6851<\/a><\/strong><\/li>\n<li><strong>Para or\u00e7amentos, envio de bombas ou outras quest\u00f5es, contactar a Demetrio: <a href=\"mailto:DMVConcretePumping@gmail.com\">Enviar e-mail para DMVConcretePumping@gmail.com<\/a>\u00a0, <a href=\"mailto:9195399318@vtext.com\">Enviar texto para 919-539-9318 por correio eletr\u00f3nico<\/a> ou <a href=\"tel:9195399318\">Telefone para 919-539-9318<\/a>.<\/strong><\/li>\n<\/ul>\n<p><strong>Aguardamos o seu contacto!<\/strong><\/p>\n\t<iframe src=\"https:\/\/www.google.com\/maps\/embed\/v1\/place?key=AIzaSyD09zQ9PNDNNy9TadMuzRV_UsPUoWKntt8&#038;q=4501+New+Bern+Avenue%2C+Suite+130-316+Raleigh+NC+27610\"><\/iframe>\n        <blockquote cite=\"https:\/\/www.facebook.com\/dmvconcretepumpingmisc\"><a href=\"https:\/\/www.facebook.com\/dmvconcretepumpingmisc\"><\/a><\/blockquote>","protected":false},"excerpt":{"rendered":"<p>Entre em contacto connosco e entraremos em contacto consigo assim que poss\u00edvel. Para fatura\u00e7\u00e3o ou outras quest\u00f5es administrativas: Envie um e-mail para DMVConcretePumping@gmail.com, envie uma mensagem de texto para 984-960-6851 por e-mail ou ligue\/envie uma mensagem de texto para 984-960-6851 Para or\u00e7amentos, envio de bombas ou outras quest\u00f5es, contacte Demetrio: Enviar e-mail para DMVConcretePumping@gmail.com , enviar mensagem de texto para 919-539-9318 por e-mail ou telefonar para 919-539-9318. N\u00f3s...<\/p>","protected":false},"author":1,"featured_media":0,"parent":0,"menu_order":0,"comment_status":"closed","ping_status":"closed","template":"","meta":{"footnotes":""},"class_list":["post-19","page","type-page","status-publish","hentry"],"_links":{"self":[{"href":"https:\/\/dmvconcretepumping.com\/pt_pt\/wp-json\/wp\/v2\/pages\/19","targetHints":{"allow":["GET"]}}],"collection":[{"href":"https:\/\/dmvconcretepumping.com\/pt_pt\/wp-json\/wp\/v2\/pages"}],"about":[{"href":"https:\/\/dmvconcretepumping.com\/pt_pt\/wp-json\/wp\/v2\/types\/page"}],"author":[{"embeddable":true,"href":"https:\/\/dmvconcretepumping.com\/pt_pt\/wp-json\/wp\/v2\/users\/1"}],"replies":[{"embeddable":true,"href":"https:\/\/dmvconcretepumping.com\/pt_pt\/wp-json\/wp\/v2\/comments?post=19"}],"version-history":[{"count":21,"href":"https:\/\/dmvconcretepumping.com\/pt_pt\/wp-json\/wp\/v2\/pages\/19\/revisions"}],"predecessor-version":[{"id":813,"href":"https:\/\/dmvconcretepumping.com\/pt_pt\/wp-json\/wp\/v2\/pages\/19\/revisions\/813"}],"wp:attachment":[{"href":"https:\/\/dmvconcretepumping.com\/pt_pt\/wp-json\/wp\/v2\/media?parent=19"}],"curies":[{"name":"wp","href":"https:\/\/api.w.org\/{rel}","templated":true}]}}