{"id":156,"date":"2019-06-22T20:07:11","date_gmt":"2019-06-23T00:07:11","guid":{"rendered":"https:\/\/dmvconcretepumping.com\/?page_id=156"},"modified":"2024-08-19T19:28:55","modified_gmt":"2024-08-19T23:28:55","slug":"home","status":"publish","type":"page","link":"https:\/\/dmvconcretepumping.com\/vi\/","title":{"rendered":"Trang ch\u1ee7"},"content":{"rendered":"<h3>C\u1ed1ng hi\u1ebfn cho c\u00f4ng vi\u1ec7c ch\u1ea5t l\u01b0\u1ee3ng v\u00e0 h\u1ee3p t\u00e1c v\u1edbi c\u00e1c nh\u00e0 cung c\u1ea5p \u0111\u1ee7 ti\u00eau chu\u1ea9n kh\u00e1c \u0111\u1ec3 ho\u00e0n th\u00e0nh d\u1ef1 \u00e1n \u0111\u00fang th\u1eddi h\u1ea1n.<\/h3>\n\t<p><strong>B\u00ea t\u00f4ng t\u1ea1o th\u00e0nh n\u1ec1n m\u00f3ng c\u1ee7a nhi\u1ec1u b\u1ea5t \u0111\u1ed9ng s\u1ea3n, t\u1eeb th\u01b0\u01a1ng m\u1ea1i \u0111\u1ebfn d\u00e2n d\u1ee5ng. V\u00e0 t\u1ea1i DMV Concrete Pumping, ch\u00fang t\u00f4i tin t\u01b0\u1edfng v\u00e0o vi\u1ec7c cung c\u1ea5p d\u1ecbch v\u1ee5 b\u01a1m b\u00ea t\u00f4ng t\u1ed1t nh\u1ea5t tuy\u1ec7t \u0111\u1ed1i t\u1ea1i B\u1eafc Carolina.<\/strong><\/p>\n<p><strong>Cam k\u1ebft v\u1ec1 s\u1ef1 xu\u1ea5t s\u1eafc c\u1ee7a ch\u00fang t\u00f4i gi\u00fap \u0111\u1ea3m b\u1ea3o m\u1ecdi c\u00f4ng vi\u1ec7c \u0111\u1ec1u \u0111\u01b0\u1ee3c ho\u00e0n th\u00e0nh \u0111\u00fang th\u1eddi h\u1ea1n v\u00e0 \u0111\u00fang c\u00e1ch.<\/strong><\/p>\n<p><strong>B\u00ea t\u00f4ng c\u00f3 th\u1ec3 l\u00e0 c\u00f4ng vi\u1ec7c kh\u00f3 kh\u0103n, v\u00e0 kh\u00e1ch h\u00e0ng c\u1ee7a ch\u00fang t\u00f4i hi\u1ec3u \u0111i\u1ec1u n\u00e0y. Thay v\u00ec c\u1ed1 g\u1eafng t\u1ef1 m\u00ecnh l\u00e0m ho\u1eb7c hy v\u1ecdng r\u1eb1ng th\u1ee3 s\u1eeda ch\u1eefa c\u1ee7a b\u1ea1n c\u00f3 th\u1ec3 x\u1eed l\u00fd m\u1ed9t d\u1ef1 \u00e1n, tin t\u01b0\u1edfng v\u00e0o ch\u00fang t\u00f4i c\u00f3 ngh\u0129a l\u00e0 b\u1ea1n s\u1ebd nh\u1eadn \u0111\u01b0\u1ee3c k\u1ebft qu\u1ea3 t\u1ed1t nh\u1ea5t cho s\u1ed1 ti\u1ec1n c\u1ee7a m\u00ecnh, m\u1ecdi l\u00fac.<\/strong><\/p>\n<p><strong>Ch\u00fang t\u00f4i n\u1ed5i b\u1eadt l\u00e0 m\u1ed9t trong nh\u1eefng d\u1ecbch v\u1ee5 b\u01a1m b\u00ea t\u00f4ng t\u1ed1t nh\u1ea5t \u1edf B\u1eafc Carolina v\u00ec nhi\u1ec1u l\u00fd do, nh\u01b0ng t\u1ea5t c\u1ea3 \u0111\u1ec1u ph\u1ee5 thu\u1ed9c v\u00e0o s\u1ef1 nhi\u1ec7t t\u00ecnh c\u1ee7a ch\u00fang t\u00f4i \u0111\u1ed1i v\u1edbi nh\u1eefng g\u00ec ch\u00fang t\u00f4i l\u00e0m. \u0110\u1ed9i ng\u0169 c\u1ee7a ch\u00fang t\u00f4i bao g\u1ed3m nh\u1eefng ng\u01b0\u1eddi chuy\u00ean nghi\u1ec7p, nh\u1eefng ng\u01b0\u1eddi xu\u1ea5t hi\u1ec7n v\u00e0 l\u00e0m vi\u1ec7c \u0111\u00fang c\u00e1ch, kh\u00f4ng ph\u1ea3i l\u00e0 m\u1ed9t \u0111\u1ed9i s\u1ebd gi\u1ebft th\u1eddi gian v\u00e0 khi\u1ebfn c\u00f4ng vi\u1ec7c k\u00e9o d\u00e0i h\u01a1n m\u1ee9c c\u1ea7n thi\u1ebft trong khi \u0111\u1ec3 l\u1ea1i cho b\u1ea1n k\u1ebft qu\u1ea3 kh\u00f4ng nh\u01b0 mong \u0111\u1ee3i.<\/strong><\/p>\n\t\t\t\t<img decoding=\"async\" src=\"https:\/\/dmvconcretepumping.com\/wp-content\/uploads\/2019\/09\/Putzmeister-36Z-Meter-1-3.jpg\" alt=\"Putzmeister 36Z Meter #1\" itemprop=\"image\">\n\t\t\t\t<img loading=\"lazy\" decoding=\"async\" src=\"https:\/\/dmvconcretepumping.com\/wp-content\/uploads\/2019\/09\/Putzmeister-TK-50-1-pipe-file-3.jpg\" alt=\"Putzmeister TK 50 (pipe fill)\" itemprop=\"image\" height=\"960\" width=\"1599\" title=\"Putzmeister TK 50 (l\u00e0m \u0111\u1ea7y \u1ed1ng)\" onerror=\"this.style.display='none'\">\n\t\t\t\t<img loading=\"lazy\" decoding=\"async\" src=\"https:\/\/dmvconcretepumping.com\/wp-content\/uploads\/2019\/09\/Putzmeister-TK-50-1-1.jpg\" alt=\"Putzmeister TK 50\" itemprop=\"image\" height=\"960\" width=\"1261\" title=\"Putzmeister TK 50\" onerror=\"this.style.display='none'\">\n\t\t\t\t<img loading=\"lazy\" decoding=\"async\" src=\"https:\/\/dmvconcretepumping.com\/wp-content\/uploads\/2019\/09\/Putzmeister-TK-50-1-2.jpg\" alt=\"Putzmeister TK 50\" itemprop=\"image\" height=\"1584\" width=\"2328\" title=\"Putzmeister TK 50\" onerror=\"this.style.display='none'\">","protected":false},"excerpt":{"rendered":"<p>T\u1eadn t\u00e2m v\u1edbi c\u00f4ng vi\u1ec7c ch\u1ea5t l\u01b0\u1ee3ng v\u00e0 h\u1ee3p t\u00e1c v\u1edbi c\u00e1c nh\u00e0 cung c\u1ea5p \u0111\u1ee7 \u0111i\u1ec1u ki\u1ec7n kh\u00e1c \u0111\u1ec3 ho\u00e0n th\u00e0nh d\u1ef1 \u00e1n \u0111\u00fang h\u1ea1n. B\u00ea t\u00f4ng t\u1ea1o th\u00e0nh n\u1ec1n t\u1ea3ng c\u1ee7a nhi\u1ec1u b\u1ea5t \u0111\u1ed9ng s\u1ea3n, t\u1eeb th\u01b0\u01a1ng m\u1ea1i \u0111\u1ebfn d\u00e2n c\u01b0. V\u00e0 t\u1ea1i DMV Concrete Pumping, ch\u00fang t\u00f4i tin t\u01b0\u1edfng v\u00e0o vi\u1ec7c cung c\u1ea5p d\u1ecbch v\u1ee5 b\u01a1m b\u00ea t\u00f4ng t\u1ed1t nh\u1ea5t tuy\u1ec7t \u0111\u1ed1i t\u1ea1i B\u1eafc Carolina. Cam k\u1ebft c\u1ee7a ch\u00fang t\u00f4i v\u1ec1 s\u1ef1 xu\u1ea5t s\u1eafc gi\u00fap \u0111\u1ea3m b\u1ea3o r\u1eb1ng m\u1ecdi c\u00f4ng vi\u1ec7c \u0111\u1ec1u\u2026<\/p>","protected":false},"author":1,"featured_media":0,"parent":0,"menu_order":0,"comment_status":"closed","ping_status":"closed","template":"","meta":{"footnotes":""},"class_list":["post-156","page","type-page","status-publish","hentry"],"_links":{"self":[{"href":"https:\/\/dmvconcretepumping.com\/vi\/wp-json\/wp\/v2\/pages\/156","targetHints":{"allow":["GET"]}}],"collection":[{"href":"https:\/\/dmvconcretepumping.com\/vi\/wp-json\/wp\/v2\/pages"}],"about":[{"href":"https:\/\/dmvconcretepumping.com\/vi\/wp-json\/wp\/v2\/types\/page"}],"author":[{"embeddable":true,"href":"https:\/\/dmvconcretepumping.com\/vi\/wp-json\/wp\/v2\/users\/1"}],"replies":[{"embeddable":true,"href":"https:\/\/dmvconcretepumping.com\/vi\/wp-json\/wp\/v2\/comments?post=156"}],"version-history":[{"count":31,"href":"https:\/\/dmvconcretepumping.com\/vi\/wp-json\/wp\/v2\/pages\/156\/revisions"}],"predecessor-version":[{"id":637,"href":"https:\/\/dmvconcretepumping.com\/vi\/wp-json\/wp\/v2\/pages\/156\/revisions\/637"}],"wp:attachment":[{"href":"https:\/\/dmvconcretepumping.com\/vi\/wp-json\/wp\/v2\/media?parent=156"}],"curies":[{"name":"wp","href":"https:\/\/api.w.org\/{rel}","templated":true}]}}