{"id":158,"date":"2019-06-22T20:07:11","date_gmt":"2019-06-23T00:07:11","guid":{"rendered":"https:\/\/dmvconcretepumping.com\/?page_id=158"},"modified":"2024-08-19T23:43:50","modified_gmt":"2024-08-20T03:43:50","slug":"services_provided","status":"publish","type":"page","link":"https:\/\/dmvconcretepumping.com\/vi\/services_provided\/","title":{"rendered":"D\u1ecbch v\u1ee5"},"content":{"rendered":"<h2>L\u1ea5p kh\u1ed1i \u2022 \u0110\u01b0\u1eddng l\u00e1i xe \u2022 M\u00f3ng \u2022 T\u01b0\u1eddng b\u00ea t\u00f4ng \u2022 L\u1ea5p \u1ed1ng<br \/>\nH\u1ed3 b\u01a1i v\u00e0 spa \u2022 V\u1ec9a h\u00e8 \u2022 B\u00ea t\u00f4ng phun \u2022 T\u1ea5m b\u00ea t\u00f4ng \u2022 C\u1ea7u thang<\/h2>\n\t\t\t\t<img loading=\"lazy\" decoding=\"async\" src=\"https:\/\/dmvconcretepumping.com\/wp-content\/uploads\/2019\/09\/Pumping-150x150.jpg\" alt=\"Pumping\" itemprop=\"image\" height=\"150\" width=\"150\" title=\"B\u01a1m\" onerror=\"this.style.display='none'\"  \/>\n<h3>B\u01a1m b\u00ea t\u00f4ng<\/h3><p><strong>V\u1edbi t\u01b0 c\u00e1ch l\u00e0 chuy\u00ean gia b\u01a1m b\u00ea t\u00f4ng, ch\u00fang t\u00f4i c\u00f3 c\u1ea3 m\u00e1y b\u01a1m b\u00ea t\u00f4ng c\u1ea7n tr\u1ee5c v\u00e0 b\u01a1m b\u00ea t\u00f4ng th\u1eb3ng h\u00e0ng \u0111\u1ec3 ph\u1ee5c v\u1ee5 m\u1ecdi nhu c\u1ea7u c\u1ee7a b\u1ea1n.<\/strong><\/p>\n\t\t\t\t<img loading=\"lazy\" decoding=\"async\" src=\"https:\/\/dmvconcretepumping.com\/wp-content\/uploads\/2019\/09\/Shotcrete-150x150.jpg\" alt=\"Shotcrete\" itemprop=\"image\" height=\"150\" width=\"150\" title=\"B\u00ea t\u00f4ng phun\" onerror=\"this.style.display='none'\"  \/>\n<h3>B\u00ea t\u00f4ng phun<\/h3><p><strong>Ch\u00fang t\u00f4i cung c\u1ea5p ph\u01b0\u01a1ng ph\u00e1p thi c\u00f4ng l\u00fd t\u01b0\u1edfng \u0111\u01b0\u1ee3c g\u1ecdi l\u00e0 phun b\u00ea t\u00f4ng, m\u1ed9t gi\u1ea3i ph\u00e1p thay th\u1ebf tuy\u1ec7t v\u1eddi cho t\u01b0\u1eddng \u0111\u1ed5 t\u1ea1i ch\u1ed7 truy\u1ec1n th\u1ed1ng.<\/strong><\/p>\n\t\t\t\t<img loading=\"lazy\" decoding=\"async\" src=\"https:\/\/dmvconcretepumping.com\/wp-content\/uploads\/2024\/08\/Boom-Fill-Tall-Building-150x150.png\" alt=\"Boom Fill Tall Building\" itemprop=\"image\" height=\"150\" width=\"150\" title=\"Boom L\u1ea5p \u0110\u1ea7y T\u00f2a Nh\u00e0 Cao T\u1ea7ng\" onerror=\"this.style.display='none'\"  \/>\n<h3>Kh\u1ed1i \u0111i\u1ec1n<\/h3><p><strong>Ch\u00fang t\u00f4i chuy\u00ean \u0111\u1ed5 b\u00ea t\u00f4ng kh\u1ed1i \u0111\u1ec3 gia c\u1ed1 v\u00e0 \u1ed5n \u0111\u1ecbnh k\u1ebft c\u1ea5u c\u00f4ng tr\u00ecnh c\u1ee7a b\u1ea1n.<\/strong><\/p>\n\t\t\t\t<img loading=\"lazy\" decoding=\"async\" src=\"https:\/\/dmvconcretepumping.com\/wp-content\/uploads\/2024\/08\/Pouring-Driveway-150x150.png\" alt=\"Pouring Driveway\" itemprop=\"image\" height=\"150\" width=\"150\" title=\"\u0110\u01b0\u1eddng l\u00e1i xe \u0111\u1ed5\" onerror=\"this.style.display='none'\"  \/>\n<h3>\u0110\u01b0\u1eddng l\u00e1i xe \/ V\u1ec9a h\u00e8 \/ T\u1ea5m b\u00ea t\u00f4ng<\/h3><p><strong> D\u1ecbch v\u1ee5 b\u01a1m b\u00ea t\u00f4ng c\u1ee7a ch\u00fang t\u00f4i \u0111\u1ea3m b\u1ea3o b\u1ec1 m\u1eb7t nh\u1eb5n v\u00e0 b\u1ec1n.<\/strong><\/p>\n\t\t\t\t<img loading=\"lazy\" decoding=\"async\" src=\"https:\/\/dmvconcretepumping.com\/wp-content\/uploads\/2024\/08\/Poring-Footings-150x150.png\" alt=\"Poring Footings\" itemprop=\"image\" height=\"150\" width=\"150\" title=\"M\u00f3ng khoan\" onerror=\"this.style.display='none'\"  \/>\n<h3>N\u1ec1n m\u00f3ng<\/h3><p><strong>Ch\u00fang t\u00f4i \u0111\u1ed5 m\u00f3ng b\u00ea t\u00f4ng v\u1eefng ch\u1eafc \u0111\u1ec3 t\u1ea1o n\u1ec1n m\u00f3ng ch\u1eafc ch\u1eafn.<\/strong><\/p>\n\t\t\t\t<img loading=\"lazy\" decoding=\"async\" src=\"https:\/\/dmvconcretepumping.com\/wp-content\/uploads\/2024\/08\/Boom-Fill-Tall-Building-150x150.png\" alt=\"Boom Fill Tall Building\" itemprop=\"image\" height=\"150\" width=\"150\" title=\"Boom L\u1ea5p \u0110\u1ea7y T\u00f2a Nh\u00e0 Cao T\u1ea7ng\" onerror=\"this.style.display='none'\"  \/>\n<h3>T\u01b0\u1eddng b\u00ea t\u00f4ng<\/h3><p><strong>Ch\u00fang t\u00f4i cung c\u1ea5p d\u1ecbch v\u1ee5 b\u01a1m b\u00ea t\u00f4ng ch\u00ednh x\u00e1c cho vi\u1ec7c x\u00e2y d\u1ef1ng t\u01b0\u1eddng li\u1ec1n m\u1ea1ch.<\/strong><\/p>\n\t\t<h3>\u1ed0ng \u0111i\u1ec1n<\/h3><p><strong>M\u00e1y b\u01a1m b\u00ea t\u00f4ng c\u1ee7a ch\u00fang t\u00f4i s\u1ebd b\u01a1m \u0111\u1ea7y \u0111\u01b0\u1eddng \u1ed1ng m\u1ed9t c\u00e1ch an to\u00e0n \u0111\u1ec3 c\u00f3 \u0111\u1ed9 b\u1ec1n t\u1ed1i \u01b0u.<\/strong><\/p>\n\t\t<h3>H\u1ed3 b\u01a1i v\u00e0 Spa<\/h3><p><strong>Ch\u00fang t\u00f4i cung c\u1ea5p b\u00ea t\u00f4ng \u0111\u1ec3 t\u1ea1o ra c\u00e1c h\u1ed3 b\u01a1i v\u00e0 spa b\u1ec1n \u0111\u1eb9p v\u00e0 thanh l\u1ecbch.<\/strong><\/p>","protected":false},"excerpt":{"rendered":"<p>L\u1ea5p \u0111\u1ea7y kh\u1ed1i \u2022 \u0110\u01b0\u1eddng l\u00e1i xe \u2022 M\u00f3ng \u2022 T\u01b0\u1eddng b\u00ea t\u00f4ng \u2022 L\u1ea5p \u0111\u1ea7y \u0111\u01b0\u1eddng \u1ed1ng H\u1ed3 b\u01a1i v\u00e0 spa \u2022 V\u1ec9a h\u00e8 \u2022 B\u00ea t\u00f4ng phun \u2022 T\u1ea5m b\u00ea t\u00f4ng \u2022 C\u1ea7u thang B\u01a1m b\u00ea t\u00f4ng L\u00e0 chuy\u00ean gia b\u01a1m b\u00ea t\u00f4ng c\u1ee7a b\u1ea1n, ch\u00fang t\u00f4i c\u00f3 c\u1ea3 m\u00e1y b\u01a1m b\u00ea t\u00f4ng c\u1ea7n tr\u1ee5c v\u00e0 b\u01a1m b\u00ea t\u00f4ng th\u1eb3ng h\u00e0ng \u0111\u1ec3 ph\u1ee5c v\u1ee5 m\u1ecdi nhu c\u1ea7u c\u1ee7a b\u1ea1n. B\u00ea t\u00f4ng phun Ch\u00fang t\u00f4i cung c\u1ea5p ph\u01b0\u01a1ng ph\u00e1p \u0111\u1ed5 b\u00ea t\u00f4ng l\u00fd t\u01b0\u1edfng \u0111\u01b0\u1ee3c g\u1ecdi l\u00e0 b\u00ea t\u00f4ng phun cho\u2026<\/p>","protected":false},"author":1,"featured_media":0,"parent":0,"menu_order":0,"comment_status":"closed","ping_status":"closed","template":"","meta":{"footnotes":""},"class_list":["post-158","page","type-page","status-publish","hentry"],"_links":{"self":[{"href":"https:\/\/dmvconcretepumping.com\/vi\/wp-json\/wp\/v2\/pages\/158","targetHints":{"allow":["GET"]}}],"collection":[{"href":"https:\/\/dmvconcretepumping.com\/vi\/wp-json\/wp\/v2\/pages"}],"about":[{"href":"https:\/\/dmvconcretepumping.com\/vi\/wp-json\/wp\/v2\/types\/page"}],"author":[{"embeddable":true,"href":"https:\/\/dmvconcretepumping.com\/vi\/wp-json\/wp\/v2\/users\/1"}],"replies":[{"embeddable":true,"href":"https:\/\/dmvconcretepumping.com\/vi\/wp-json\/wp\/v2\/comments?post=158"}],"version-history":[{"count":21,"href":"https:\/\/dmvconcretepumping.com\/vi\/wp-json\/wp\/v2\/pages\/158\/revisions"}],"predecessor-version":[{"id":850,"href":"https:\/\/dmvconcretepumping.com\/vi\/wp-json\/wp\/v2\/pages\/158\/revisions\/850"}],"wp:attachment":[{"href":"https:\/\/dmvconcretepumping.com\/vi\/wp-json\/wp\/v2\/media?parent=158"}],"curies":[{"name":"wp","href":"https:\/\/api.w.org\/{rel}","templated":true}]}}