{"id":561,"date":"2019-09-23T17:58:58","date_gmt":"2019-09-23T21:58:58","guid":{"rendered":"https:\/\/dmvconcretepumping.com\/?page_id=561"},"modified":"2024-08-19T22:56:54","modified_gmt":"2024-08-20T02:56:54","slug":"pumper-fleet","status":"publish","type":"page","link":"https:\/\/dmvconcretepumping.com\/vi\/pumper-fleet\/","title":{"rendered":"\u0110\u1ed9i t\u00e0u b\u01a1m"},"content":{"rendered":"<img loading=\"lazy\" decoding=\"async\" src=\"https:\/\/dmvconcretepumping.com\/wp-content\/uploads\/2019\/09\/Putzmeister-36Z-Meter-2-3.jpg\" alt=\"Putzmeister 36Z Meter #2\" itemprop=\"image\" height=\"960\" width=\"1280\" title=\"M\u00e1y \u0111o Putzmeister 36Z #2\" onerror=\"this.style.display='none'\"  \/>\n\t<h3>M\u00e1y \u0111o Putzmeister 36Z (\u0111\u01a1n v\u1ecb #2)<\/h3>\n\t\t\t<a href=\"https:\/\/dmvconcretepumping.com\/vi\/pumper-fleet\/36z-2\/\" target=\"_self\" rel=\"noopener\">\n\t\t\t\t\t\t\tTh\u00f4ng s\u1ed1 k\u1ef9 thu\u1eadt 36Z\n\t\t\t\t\t<\/a>\n\t\t\t\t<img loading=\"lazy\" decoding=\"async\" src=\"https:\/\/dmvconcretepumping.com\/wp-content\/uploads\/2019\/09\/Putzmeister-36Z-Meter-1-1.jpg\" alt=\"Putzmeister 36Z Meter #1\" itemprop=\"image\" height=\"960\" width=\"1280\" title=\"M\u00e1y \u0111o Putzmeister 36Z #1\" onerror=\"this.style.display='none'\"  \/>\n\t<h3>M\u00e1y \u0111o Putzmeister 36Z (\u0111\u01a1n v\u1ecb #1)<\/h3>\n\t\t\t<a href=\"https:\/\/dmvconcretepumping.com\/vi\/pumper-fleet\/36z-2-2\/\" target=\"_self\" rel=\"noopener\">\n\t\t\t\t\t\t\tTh\u00f4ng s\u1ed1 k\u1ef9 thu\u1eadt 36Z\n\t\t\t\t\t<\/a>\n\t\t\t\t<img loading=\"lazy\" decoding=\"async\" src=\"https:\/\/dmvconcretepumping.com\/wp-content\/uploads\/2019\/09\/Putzmeister-TK-70-1.jpg\" alt=\"Putzmeister TK 70\" itemprop=\"image\" height=\"720\" width=\"960\" title=\"Putzmeister TK 70\" onerror=\"this.style.display='none'\"  \/>\n\t<h3>Putzmeister Thom-Katt TK-70<\/h3>\n\t\t\t<a href=\"https:\/\/dmvconcretepumping.com\/vi\/tk70-1\/\" target=\"_self\" rel=\"noopener\">\n\t\t\t\t\t\t\tTh\u00f4ng s\u1ed1 k\u1ef9 thu\u1eadt TK70\n\t\t\t\t\t<\/a>\n\t\t\t\t<img loading=\"lazy\" decoding=\"async\" src=\"https:\/\/dmvconcretepumping.com\/wp-content\/uploads\/2019\/09\/Putzmeister-TK-50-1-1.jpg\" alt=\"Putzmeister TK 50\" itemprop=\"image\" height=\"960\" width=\"1261\" title=\"Putzmeister TK 50\" onerror=\"this.style.display='none'\"  \/>\n\t<h3>Putzmeister Thom-Katt TK-50<\/h3>\n\t\t\t<a href=\"https:\/\/dmvconcretepumping.com\/vi\/tk50-1\/\" target=\"_self\" rel=\"noopener\">\n\t\t\t\t\t\t\tTh\u00f4ng s\u1ed1 k\u1ef9 thu\u1eadt TK50\n\t\t\t\t\t<\/a>","protected":false},"excerpt":{"rendered":"<p>Th\u00f4ng s\u1ed1 k\u1ef9 thu\u1eadt c\u1ee7a Putzmeister 36Z-Meter (\u0111\u01a1n v\u1ecb #2) 36Z Th\u00f4ng s\u1ed1 k\u1ef9 thu\u1eadt c\u1ee7a Putzmeister 36Z-Meter (\u0111\u01a1n v\u1ecb #1) 36Z Th\u00f4ng s\u1ed1 k\u1ef9 thu\u1eadt c\u1ee7a Putzmeister Thom-Katt TK-70 TK70 Th\u00f4ng s\u1ed1 k\u1ef9 thu\u1eadt c\u1ee7a Putzmeister Thom-Katt TK-50 TK50<\/p>","protected":false},"author":1,"featured_media":0,"parent":0,"menu_order":0,"comment_status":"closed","ping_status":"closed","template":"","meta":{"footnotes":""},"class_list":["post-561","page","type-page","status-publish","hentry"],"_links":{"self":[{"href":"https:\/\/dmvconcretepumping.com\/vi\/wp-json\/wp\/v2\/pages\/561","targetHints":{"allow":["GET"]}}],"collection":[{"href":"https:\/\/dmvconcretepumping.com\/vi\/wp-json\/wp\/v2\/pages"}],"about":[{"href":"https:\/\/dmvconcretepumping.com\/vi\/wp-json\/wp\/v2\/types\/page"}],"author":[{"embeddable":true,"href":"https:\/\/dmvconcretepumping.com\/vi\/wp-json\/wp\/v2\/users\/1"}],"replies":[{"embeddable":true,"href":"https:\/\/dmvconcretepumping.com\/vi\/wp-json\/wp\/v2\/comments?post=561"}],"version-history":[{"count":5,"href":"https:\/\/dmvconcretepumping.com\/vi\/wp-json\/wp\/v2\/pages\/561\/revisions"}],"predecessor-version":[{"id":812,"href":"https:\/\/dmvconcretepumping.com\/vi\/wp-json\/wp\/v2\/pages\/561\/revisions\/812"}],"wp:attachment":[{"href":"https:\/\/dmvconcretepumping.com\/vi\/wp-json\/wp\/v2\/media?parent=561"}],"curies":[{"name":"wp","href":"https:\/\/api.w.org\/{rel}","templated":true}]}}