{"id":604,"date":"2019-09-23T19:41:43","date_gmt":"2019-09-23T23:41:43","guid":{"rendered":"https:\/\/dmvconcretepumping.com\/?page_id=604"},"modified":"2024-08-19T20:15:21","modified_gmt":"2024-08-20T00:15:21","slug":"36z-2-2","status":"publish","type":"page","link":"https:\/\/dmvconcretepumping.com\/vi\/pumper-fleet\/36z-2-2\/","title":{"rendered":"Putzmeister 36Z-Meter (\u0111\u01a1n v\u1ecb 1)"},"content":{"rendered":"<h1>Putzmeister 36Z-Meter (\u0111\u01a1n v\u1ecb 1)<\/h1>\n\n\t<p><strong>The Putzmeister 36Z is one of the most popular models because of its detachable Z-Fold boom. It has increased reach with the only four-section, 116&#8242; 10&#8243; (35.61m) boom on the market using X-style outriggers. The powerful pumping performance with a small footprint makes it ideal for restrictive job sites. Pump from the truck with rotation bearing slewing for precise control of concrete flow, or fly the boom to a placing tower with the quickest and easiest truck-to-tower conversion. The pump features an exclusive free flow hydraulic system that outperforms other pumps in the market. It guarantees higher output and lower costs when it comes to maintenance. Its intelligent, valve-less monitoring system takes oil into the drive cylinders without loss of pressure. This enhances the pump&#8217;s service life while increasing power and convenience.<\/strong><\/p>\n<ul>\n<li><strong>Chi\u1ec1u d\u00e0i c\u1ea7n tr\u1ee5c<\/strong>: 36 m\u00e9t (118 feet)<\/li>\n<li><strong>C\u00e1c ph\u1ea7n Boom<\/strong>: Thi\u1ebft k\u1ebf g\u1ea5p ch\u1eef Z 4 ph\u1ea7n<\/li>\n<li><strong>T\u1ea7m v\u1edbi ngang<\/strong>: Kho\u1ea3ng 32,9 m\u00e9t (108 feet)<\/li>\n<li><strong>T\u1ea7m v\u1edbi theo chi\u1ec1u d\u1ecdc<\/strong>: Kho\u1ea3ng 35,5 m\u00e9t (116 feet)<\/li>\n<li><strong>Chi\u1ec1u cao m\u1edf ra<\/strong>: 8,4 m\u00e9t (27 feet 7 inch)<\/li>\n<li><strong>\u0110\u1ea7u ra c\u1ee7a m\u00e1y b\u01a1m<\/strong>: L\u00ean \u0111\u1ebfn 260 m\u00e9t kh\u1ed1i m\u1ed7i gi\u1edd (340 m\u00e9t kh\u1ed1i m\u1ed7i gi\u1edd)<\/li>\n<li><strong>\u00c1p su\u1ea5t t\u1ed1i \u0111a l\u00ean b\u00ea t\u00f4ng<\/strong>: 123 bar (1784 psi)<\/li>\n<li><strong>S\u1ed1 l\u01b0\u1ee3ng tr\u1ee5c<\/strong>: 3 tr\u1ee5c<\/li>\n<li><strong>Outrigger m\u1edf r\u1ed9ng<\/strong>:\n<ul>\n<li>M\u1eb7t tr\u01b0\u1edbc: 6,7 m\u00e9t (22 feet)<\/li>\n<li>Ph\u00eda sau: 7,5 m\u00e9t (24 feet 7 inch)<\/li>\n<\/ul>\n<\/li>\n<li><strong>S\u1ee9c ch\u1ee9a ph\u1ec5u<\/strong>: 600 l\u00edt (21 feet kh\u1ed1i)<\/li>\n<li><strong>H\u1ec7 th\u1ed1ng th\u1ee7y l\u1ef1c<\/strong>: H\u1ec7 th\u1ed1ng th\u1ee7y l\u1ef1c d\u00f2ng ch\u1ea3y t\u1ef1 do<\/li>\n<li><strong>Lo\u1ea1i b\u01a1m<\/strong>: B\u01a1m th\u1ee7y l\u1ef1c, piston \u0111\u00f4i<\/li>\n<li><strong>\u0110i\u1ec1u khi\u1ec3n t\u1eeb xa<\/strong>: \u0110i\u1ec1u khi\u1ec3n t\u1eeb xa b\u1eb1ng s\u00f3ng v\u00f4 tuy\u1ebfn ho\u00e0n to\u00e0n c\u00e2n x\u1ee9ng<\/li>\n<li><strong>Van b\u00ea t\u00f4ng<\/strong>: Thi\u1ebft k\u1ebf van ch\u1eef S cho b\u01a1m c\u00f4ng su\u1ea5t cao<\/li>\n<\/ul>\n\t\t\t\t<img loading=\"lazy\" decoding=\"async\" src=\"https:\/\/dmvconcretepumping.com\/wp-content\/uploads\/2019\/09\/Putzmeister-36Z-Meter-1-1.jpg\" alt=\"Putzmeister 36Z Meter #1\" itemprop=\"image\" height=\"960\" width=\"1280\" title=\"M\u00e1y \u0111o Putzmeister 36Z #1\" onerror=\"this.style.display='none'\"  \/>\n\t\t\t\t<img loading=\"lazy\" decoding=\"async\" src=\"https:\/\/dmvconcretepumping.com\/wp-content\/uploads\/2019\/09\/Putzmeister-36Z-Meter-1-3.jpg\" alt=\"Putzmeister 36Z Meter #1\" itemprop=\"image\" height=\"960\" width=\"1059\" title=\"M\u00e1y \u0111o Putzmeister 36Z #1\" onerror=\"this.style.display='none'\"  \/>","protected":false},"excerpt":{"rendered":"<p>Putzmeister 36Z-Meter (unit 1) The Putzmeister 36Z is one of the most popular models because of its detachable Z-Fold boom. It has increased reach with the only four-section, 116&#8242; 10&#8243; (35.61m) boom on the market using X-style outriggers. The powerful pumping performance with a small footprint makes it ideal for restrictive job sites. Pump from&hellip;<\/p>","protected":false},"author":1,"featured_media":0,"parent":561,"menu_order":0,"comment_status":"closed","ping_status":"closed","template":"","meta":{"footnotes":""},"class_list":["post-604","page","type-page","status-publish","hentry"],"_links":{"self":[{"href":"https:\/\/dmvconcretepumping.com\/vi\/wp-json\/wp\/v2\/pages\/604","targetHints":{"allow":["GET"]}}],"collection":[{"href":"https:\/\/dmvconcretepumping.com\/vi\/wp-json\/wp\/v2\/pages"}],"about":[{"href":"https:\/\/dmvconcretepumping.com\/vi\/wp-json\/wp\/v2\/types\/page"}],"author":[{"embeddable":true,"href":"https:\/\/dmvconcretepumping.com\/vi\/wp-json\/wp\/v2\/users\/1"}],"replies":[{"embeddable":true,"href":"https:\/\/dmvconcretepumping.com\/vi\/wp-json\/wp\/v2\/comments?post=604"}],"version-history":[{"count":7,"href":"https:\/\/dmvconcretepumping.com\/vi\/wp-json\/wp\/v2\/pages\/604\/revisions"}],"predecessor-version":[{"id":817,"href":"https:\/\/dmvconcretepumping.com\/vi\/wp-json\/wp\/v2\/pages\/604\/revisions\/817"}],"up":[{"embeddable":true,"href":"https:\/\/dmvconcretepumping.com\/vi\/wp-json\/wp\/v2\/pages\/561"}],"wp:attachment":[{"href":"https:\/\/dmvconcretepumping.com\/vi\/wp-json\/wp\/v2\/media?parent=604"}],"curies":[{"name":"wp","href":"https:\/\/api.w.org\/{rel}","templated":true}]}}