{"id":607,"date":"2019-09-23T21:09:53","date_gmt":"2019-09-24T01:09:53","guid":{"rendered":"https:\/\/dmvconcretepumping.com\/?page_id=607"},"modified":"2024-08-19T20:12:23","modified_gmt":"2024-08-20T00:12:23","slug":"tk70-1","status":"publish","type":"page","link":"https:\/\/dmvconcretepumping.com\/vi\/pumper-fleet\/tk70-1\/","title":{"rendered":"Thom-Katt Trailer Pump TK 70"},"content":{"rendered":"<h1>M\u00e1y b\u01a1m xe k\u00e9o Thom-Katt TK 70 (\u0111\u01a1n v\u1ecb 1)<\/h1>\n<h2>L\u00fd t\u01b0\u1edfng cho c\u00f4ng vi\u1ec7c b\u00ea t\u00f4ng k\u1ebft c\u1ea5u<\/h2>\n\t<p>L\u00fd t\u01b0\u1edfng cho c\u00e1c c\u00f4ng vi\u1ec7c b\u00ea t\u00f4ng k\u1ebft c\u1ea5u, m\u00e1y b\u01a1m g\u1eafn tr\u00ean xe k\u00e9o Putzmeister Thom-Katt TK 70 c\u00f3 th\u1ec3 x\u1eed l\u00fd nhi\u1ec1u lo\u1ea1i v\u1eadt li\u1ec7u, bao g\u1ed3m c\u1ea3 c\u00e1c h\u1ed7n h\u1ee3p kh\u1eafc nghi\u1ec7t nh\u1ea5t. V\u1edbi c\u00f4ng su\u1ea5t \u0111\u1ea7u ra t\u1ed1i \u0111a l\u00ean \u0111\u1ebfn 74 yd\u00b3\/gi\u1edd (57m\u00b3\/gi\u1edd), TK 70 c\u00f3 th\u1ec3 x\u1eed l\u00fd nhi\u1ec1u \u1ee9ng d\u1ee5ng d\u00e2n d\u1ee5ng kh\u00e1c nhau.<\/p>\n<p>M\u00e1y b\u01a1m r\u01a1 mo\u00f3c Putzmeister Thom-Katt l\u00fd t\u01b0\u1edfng cho c\u00e1c \u1ee9ng d\u1ee5ng b\u01a1m b\u00ea t\u00f4ng v\u00e0 phun b\u00ea t\u00f4ng \u01b0\u1edbt. V\u1edbi c\u1ea5u tr\u00fac ch\u1eafc ch\u1eafn v\u00e0 thi\u1ebft k\u1ebf ph\u1ec5u g\u00f3c c\u1ea1nh, ch\u00fang x\u1eed l\u00fd \u0111\u01b0\u1ee3c s\u1ef1 kh\u1eafc nghi\u1ec7t c\u1ee7a b\u1ea5t k\u1ef3 c\u00f4ng tr\u01b0\u1eddng n\u00e0o. Ho\u1ea1t \u0111\u1ed9ng \u00e1p su\u1ea5t cao cho ph\u00e9p b\u1ea1n b\u01a1m v\u1eadt li\u1ec7u tr\u00ean kho\u1ea3ng c\u00e1ch xa.<\/p>\n<p>Van th\u1ee7y l\u1ef1c S Thom-Katt l\u00fd t\u01b0\u1edfng \u0111\u1ec3 b\u01a1m v\u1eadt li\u1ec7u c\u1ed1t li\u1ec7u l\u1edbn h\u01a1n. N\u00f3 cho ph\u00e9p b\u1ea1n \u0111\u1ea3o ng\u01b0\u1ee3c h\u00e0nh tr\u00ecnh \u0111\u1ec3 gi\u1ea3m \u00e1p l\u1ef1c t\u1eeb c\u00e1c n\u00fat ch\u1eb7n ho\u1eb7c khi b\u01a1m h\u1ed7n h\u1ee3p s\u1ee3i ho\u1eb7c \u0111\u1ed9 s\u1ee5t th\u1ea5p kh\u00f3 kh\u0103n. C\u00e1c xi lanh v\u1eadt li\u1ec7u v\u00e0 th\u1ee7y l\u1ef1c thay \u0111\u1ed5i, tr\u01a1n tru cho ph\u00e9p ki\u1ec3m so\u00e1t ch\u00ednh x\u00e1c \u1edf c\u00f4ng su\u1ea5t th\u1ea5p cho c\u00e1c \u1ee9ng d\u1ee5ng chuy\u00ean bi\u1ec7t. B\u1ea1n c\u00f3 th\u1ec3 duy tr\u00ec \u00e1p su\u1ea5t \u0111\u1ea7u ra \u0111\u00e1ng k\u1ec3 khi gi\u1ea3m xu\u1ed1ng c\u00e1c \u0111\u01b0\u1eddng truy\u1ec1n c\u00f3 \u0111\u01b0\u1eddng k\u00ednh nh\u1ecf h\u01a1n.<\/p>\n<ul>\n<li><strong>\u0110\u1ed9ng c\u01a1<\/strong>: Caterpillar C2.2, 49,4 m\u00e3 l\u1ef1c (36,8 kW)<\/li>\n<li><strong>Lo\u1ea1i b\u01a1m<\/strong>: Van ch\u1eef S<\/li>\n<li><strong>S\u1ea3n l\u01b0\u1ee3ng b\u00ea t\u00f4ng t\u1ed1i \u0111a<\/strong>: 74 yd\u00b3\/gi\u1edd (57 m\u00b3\/gi\u1edd)<\/li>\n<li><strong>\u00c1p su\u1ea5t t\u1ed1i \u0111a l\u00ean b\u00ea t\u00f4ng<\/strong>: 1.130 psi (7,8 MPa)<\/li>\n<li><strong>K\u00edch th\u01b0\u1edbc t\u1ed5ng h\u1ee3p t\u1ed1i \u0111a<\/strong>: 1,5 inch (38 mm)<\/li>\n<li><strong>S\u1ee9c ch\u1ee9a ph\u1ec5u<\/strong>: 12,6 ft\u00b3 (0,36 m\u00b3)<\/li>\n<li><strong>Dung t\u00edch b\u1ed3n th\u1ee7y l\u1ef1c<\/strong>: 48 gallon (182 l\u00edt)<\/li>\n<li><strong>Dung t\u00edch b\u00ecnh nhi\u00ean li\u1ec7u<\/strong>: 24 gallon (91 l\u00edt)<\/li>\n<li><strong>\u0110\u01b0\u1eddng k\u00ednh xi lanh b\u01a1m<\/strong>: 6 inch (152 mm)<\/li>\n<li><strong>Chi\u1ec1u d\u00e0i h\u00e0nh tr\u00ecnh c\u1ee7a xi lanh b\u01a1m<\/strong>: 39 inch (991 mm)<\/li>\n<li><strong>Tr\u1ecdng l\u01b0\u1ee3ng xe k\u00e9o<\/strong>: Kho\u1ea3ng 6.060 lbs (2.749 kg)<\/li>\n<li><strong>K\u00edch th\u01b0\u1edbc (D x R x C)<\/strong>: 184 in x 78 in x 90 in (4,67 mx 1,98 mx 2,29 m)<\/li>\n<\/ul>\n\t\t\t\t<img loading=\"lazy\" decoding=\"async\" src=\"https:\/\/dmvconcretepumping.com\/wp-content\/uploads\/2019\/09\/Putzmeister-TK-70-1.jpg\" alt=\"Putzmeister TK 70\" itemprop=\"image\" height=\"720\" width=\"960\" title=\"Putzmeister TK 70\" onerror=\"this.style.display='none'\"  \/>","protected":false},"excerpt":{"rendered":"<p>Thom-Katt Trailer Pump TK 70 (unit 1) Ideal for Structural Concrete Jobs Ideal for structural concrete jobs, the Putzmeister Thom-Katt TK 70 trailer-mounted pump can handle a variety of materials, including the harshest mixes. With a maximum volume output of up to 74 yd\u00b3\/hr (57m\u00b3\/hr), the TK 70 can tackle a variety of civil applications.&hellip;<\/p>","protected":false},"author":1,"featured_media":0,"parent":561,"menu_order":0,"comment_status":"closed","ping_status":"closed","template":"","meta":{"footnotes":""},"class_list":["post-607","page","type-page","status-publish","hentry"],"_links":{"self":[{"href":"https:\/\/dmvconcretepumping.com\/vi\/wp-json\/wp\/v2\/pages\/607","targetHints":{"allow":["GET"]}}],"collection":[{"href":"https:\/\/dmvconcretepumping.com\/vi\/wp-json\/wp\/v2\/pages"}],"about":[{"href":"https:\/\/dmvconcretepumping.com\/vi\/wp-json\/wp\/v2\/types\/page"}],"author":[{"embeddable":true,"href":"https:\/\/dmvconcretepumping.com\/vi\/wp-json\/wp\/v2\/users\/1"}],"replies":[{"embeddable":true,"href":"https:\/\/dmvconcretepumping.com\/vi\/wp-json\/wp\/v2\/comments?post=607"}],"version-history":[{"count":9,"href":"https:\/\/dmvconcretepumping.com\/vi\/wp-json\/wp\/v2\/pages\/607\/revisions"}],"predecessor-version":[{"id":815,"href":"https:\/\/dmvconcretepumping.com\/vi\/wp-json\/wp\/v2\/pages\/607\/revisions\/815"}],"up":[{"embeddable":true,"href":"https:\/\/dmvconcretepumping.com\/vi\/wp-json\/wp\/v2\/pages\/561"}],"wp:attachment":[{"href":"https:\/\/dmvconcretepumping.com\/vi\/wp-json\/wp\/v2\/media?parent=607"}],"curies":[{"name":"wp","href":"https:\/\/api.w.org\/{rel}","templated":true}]}}