{"id":613,"date":"2019-09-23T21:46:38","date_gmt":"2019-09-24T01:46:38","guid":{"rendered":"https:\/\/dmvconcretepumping.com\/?page_id=613"},"modified":"2024-08-19T20:10:21","modified_gmt":"2024-08-20T00:10:21","slug":"tk50-1","status":"publish","type":"page","link":"https:\/\/dmvconcretepumping.com\/vi\/tk50-1\/","title":{"rendered":"M\u00e1y b\u01a1m th\u00f9ng k\u00e9o Thom-Katt TK 50"},"content":{"rendered":"<h1>M\u00e1y b\u01a1m xe k\u00e9o Thom-Katt TK 50 (\u0111\u01a1n v\u1ecb 1)<\/h1>\n<h3>Nhi\u1ec1u m\u00e3 l\u1ef1c h\u01a1n cho c\u00f4ng vi\u1ec7c phun b\u00ea t\u00f4ng, l\u00fd t\u01b0\u1edfng cho nhi\u1ec1u lo\u1ea1i b\u00ea t\u00f4ng kh\u00e1c nhau<\/h3>\n<p>The Putzmeister Thom-Katt TK 50 Trailer-Mounted Concrete\/Shotcrete Pump gives more horse power for shotcrete work, and is ideal for a wide variety of concrete placing job sand for pumping structural concrete. It features an angled hopper that&#8217; s easier to fill and clean. The TK 50 can pump a variety of materials at up to 54 yd\u00b3\/hr (41m\u00b3\/hr) handle the harshest mixes, and tackle a variety of civil applications.<\/p>\n<p>Van th\u1ee7y l\u1ef1c S Thom-Katt l\u00fd t\u01b0\u1edfng \u0111\u1ec3 b\u01a1m v\u1eadt li\u1ec7u c\u1ed1t li\u1ec7u l\u1edbn h\u01a1n. N\u00f3 cho ph\u00e9p b\u1ea1n \u0111\u1ea3o ng\u01b0\u1ee3c h\u00e0nh tr\u00ecnh \u0111\u1ec3 gi\u1ea3m \u00e1p l\u1ef1c t\u1eeb c\u00e1c n\u00fat ch\u1eb7n ho\u1eb7c khi b\u01a1m h\u1ed7n h\u1ee3p s\u1ee3i ho\u1eb7c \u0111\u1ed9 s\u1ee5t th\u1ea5p kh\u00f3 kh\u0103n. C\u00e1c xi lanh v\u1eadt li\u1ec7u v\u00e0 th\u1ee7y l\u1ef1c thay \u0111\u1ed5i, tr\u01a1n tru cho ph\u00e9p ki\u1ec3m so\u00e1t ch\u00ednh x\u00e1c \u1edf c\u00f4ng su\u1ea5t th\u1ea5p cho c\u00e1c \u1ee9ng d\u1ee5ng chuy\u00ean bi\u1ec7t. B\u1ea1n c\u00f3 th\u1ec3 duy tr\u00ec \u00e1p su\u1ea5t \u0111\u1ea7u ra \u0111\u00e1ng k\u1ec3 khi gi\u1ea3m xu\u1ed1ng c\u00e1c \u0111\u01b0\u1eddng truy\u1ec1n c\u00f3 \u0111\u01b0\u1eddng k\u00ednh nh\u1ecf h\u01a1n.<\/p>\n<ul>\n<li><strong>Lo\u1ea1i b\u01a1m<\/strong>: B\u01a1m b\u00ea t\u00f4ng g\u1eafn tr\u00ean xe k\u00e9o<\/li>\n<li><strong>\u0110\u1ed9ng c\u01a1<\/strong>: \u0110\u1ed9ng c\u01a1 ch\u1ea1y b\u1eb1ng d\u1ea7u diesel, th\u01b0\u1eddng c\u00f3 \u0111\u1ed9ng c\u01a1 74 m\u00e3 l\u1ef1c (55 kW)<\/li>\n<li><strong>S\u1ea3n l\u01b0\u1ee3ng b\u00ea t\u00f4ng t\u1ed1i \u0111a<\/strong>: 50 m\u00e9t kh\u1ed1i m\u1ed7i gi\u1edd (38 m\u00b3\/gi\u1edd)<\/li>\n<li><strong>\u00c1p su\u1ea5t b\u00ea t\u00f4ng t\u1ed1i \u0111a<\/strong>: 1.150 psi (7,9 MPa)<\/li>\n<li><strong>K\u00edch th\u01b0\u1edbc t\u1ed5ng h\u1ee3p t\u1ed1i \u0111a<\/strong>: 1,5 inch (38 mm)<\/li>\n<li><strong>\u0110\u01b0\u1eddng k\u00ednh xi lanh b\u01a1m<\/strong>: 6 inch (152 mm)<\/li>\n<li><strong>Chi\u1ec1u d\u00e0i h\u00e0nh tr\u00ecnh xi lanh b\u01a1m<\/strong>: 39 inch (991 mm)<\/li>\n<li><strong>\u00c1p su\u1ea5t h\u1ec7 th\u1ed1ng th\u1ee7y l\u1ef1c<\/strong>: 3.625 psi (25 MPa)<\/li>\n<li><strong>S\u1ee9c ch\u1ee9a ph\u1ec5u<\/strong>: 10 feet kh\u1ed1i (283 l\u00edt)<\/li>\n<li><strong>\u0110\u01b0\u1eddng k\u00ednh \u0111\u1ea7u ra<\/strong>: 5 inch (127 mm)<\/li>\n<li><strong>C\u00e2n n\u1eb7ng<\/strong>: Kho\u1ea3ng 7.100 pound (3.221 kg)<\/li>\n<li><strong>K\u00edch th\u01b0\u1edbc<\/strong>:\n<ul>\n<li>Chi\u1ec1u d\u00e0i: 200 inch (5.080 mm)<\/li>\n<li>Chi\u1ec1u r\u1ed9ng: 80 inch (2.032 mm)<\/li>\n<li>Chi\u1ec1u cao: 86 inch (2.184 mm)<\/li>\n<\/ul>\n<\/li>\n<li><strong>\u1ee8ng d\u1ee5ng<\/strong>: Th\u00edch h\u1ee3p cho c\u00e1c c\u00f4ng vi\u1ec7c b\u01a1m b\u00ea t\u00f4ng nh\u01b0 phun b\u00ea t\u00f4ng, phun v\u1eefa x\u00e2y v\u00e0 c\u00e1c c\u00f4ng tr\u00ecnh \u0111\u1ed5 b\u00ea t\u00f4ng c\u00f3 k\u00edch th\u01b0\u1edbc nh\u1ecf \u0111\u1ebfn trung b\u00ecnh.<\/li>\n<\/ul>\n\t\t\t\t<img loading=\"lazy\" decoding=\"async\" src=\"https:\/\/dmvconcretepumping.com\/wp-content\/uploads\/2019\/09\/Putzmeister-TK-50-1-1.jpg\" alt=\"Putzmeister TK 50\" itemprop=\"image\" height=\"960\" width=\"1261\" title=\"Putzmeister TK 50\" onerror=\"this.style.display='none'\"  \/>\n\t\t\t\t<img loading=\"lazy\" decoding=\"async\" src=\"https:\/\/dmvconcretepumping.com\/wp-content\/uploads\/2019\/09\/Putzmeister-TK-50-1-pile-file-2.jpg\" alt=\"Putzmeister TK 50 #1 - pile file 2\" itemprop=\"image\" height=\"960\" width=\"1280\" title=\"Putzmeister TK 50 #1 - gi\u0169a c\u1ecdc 2\" onerror=\"this.style.display='none'\"  \/>","protected":false},"excerpt":{"rendered":"<p>Thom-Katt Trailer Pump TK 50 (unit 1) More Horsepower for Shotcrete Work, Ideal For a Wide Variety of Concrete Placing The Putzmeister Thom-Katt TK 50 Trailer-Mounted Concrete\/Shotcrete Pump gives more horse power for shotcrete work, and is ideal for a wide variety of concrete placing job sand for pumping structural concrete. It features an angled&hellip;<\/p>","protected":false},"author":1,"featured_media":0,"parent":0,"menu_order":0,"comment_status":"closed","ping_status":"closed","template":"","meta":{"footnotes":""},"class_list":["post-613","page","type-page","status-publish","hentry"],"_links":{"self":[{"href":"https:\/\/dmvconcretepumping.com\/vi\/wp-json\/wp\/v2\/pages\/613","targetHints":{"allow":["GET"]}}],"collection":[{"href":"https:\/\/dmvconcretepumping.com\/vi\/wp-json\/wp\/v2\/pages"}],"about":[{"href":"https:\/\/dmvconcretepumping.com\/vi\/wp-json\/wp\/v2\/types\/page"}],"author":[{"embeddable":true,"href":"https:\/\/dmvconcretepumping.com\/vi\/wp-json\/wp\/v2\/users\/1"}],"replies":[{"embeddable":true,"href":"https:\/\/dmvconcretepumping.com\/vi\/wp-json\/wp\/v2\/comments?post=613"}],"version-history":[{"count":5,"href":"https:\/\/dmvconcretepumping.com\/vi\/wp-json\/wp\/v2\/pages\/613\/revisions"}],"predecessor-version":[{"id":814,"href":"https:\/\/dmvconcretepumping.com\/vi\/wp-json\/wp\/v2\/pages\/613\/revisions\/814"}],"wp:attachment":[{"href":"https:\/\/dmvconcretepumping.com\/vi\/wp-json\/wp\/v2\/media?parent=613"}],"curies":[{"name":"wp","href":"https:\/\/api.w.org\/{rel}","templated":true}]}}